{"id":316,"date":"2020-11-02T09:54:28","date_gmt":"2020-11-02T08:54:28","guid":{"rendered":"https:\/\/institutdydyna.fr\/?page_id=316"},"modified":"2021-05-27T14:09:13","modified_gmt":"2021-05-27T12:09:13","slug":"microblading","status":"publish","type":"page","link":"https:\/\/institutdydyna.fr\/index.php\/microblading\/","title":{"rendered":"Microblading"},"content":{"rendered":"\n<table>\n\t<tbody><tr><td><h2>Tarifs<\/h2><\/td><\/tr>\n<tr><td>Microblading + Retouche <br>4 semaines<\/td><td>250 \u20ac<\/td><\/tr>\n<tr><td>Retouche \u00ab\u00a0annuelle\u00a0\u00bb<br> selon les besoins<\/td><td>100 \u20ac \u00e0 150 \u20ac<\/td><\/tr>\n<\/tbody><\/table>\n\n\n\n<h1 class=\"has-medium-font-size wp-block-heading\">Le microblading, c&rsquo;est quoi ?<\/h1>\n\n\n\n<p>Le microblading est un maquillage semi-permanent des sourcils avec un effet poil \u00e0 poil pour un rendu le plus naturel possible.<\/p>\n\n\n\n<h2 class=\"has-normal-font-size wp-block-heading\">Comment est r\u00e9alis\u00e9 le microblading ?<\/h2>\n\n\n\n<p>Les pigments sont ins\u00e9r\u00e9s sous forme de traits tr\u00e8s fins pour imiter l\u2019aspect de vrais poils. Cela permet de combler de fa\u00e7on tr\u00e8s naturelle les sourcils \u00e9pars ou de redessiner une nouvelle ligne.<\/p>\n\n\n\n<h3 class=\"has-normal-font-size wp-block-heading\"><em>Exemple de r\u00e9alisations :<\/em><\/h3>\n\n\n\n<div class=\"wp-block-columns is-layout-flex wp-container-core-columns-layout-2 wp-block-columns-is-layout-flex\">\n<div class=\"wp-block-column is-layout-flow wp-block-column-is-layout-flow\" style=\"flex-basis:100%\">\n<div class=\"wp-block-columns is-layout-flex wp-container-core-columns-layout-1 wp-block-columns-is-layout-flex\">\n<div class=\"wp-block-column is-layout-flow wp-block-column-is-layout-flow\" style=\"flex-basis:100%\">\n<figure class=\"wp-block-jetpack-image-compare\"><div class=\"juxtapose\" data-mode=\"horizontal\"><img loading=\"lazy\" decoding=\"async\" id=\"525\" src=\"https:\/\/institutdydyna.fr\/wp-content\/uploads\/2021\/05\/IMG_3133-1-scaled.jpeg\" alt=\"\" width=\"1671\" height=\"2560\" class=\"image-compare__image-before\"\/><img loading=\"lazy\" decoding=\"async\" id=\"526\" src=\"https:\/\/institutdydyna.fr\/wp-content\/uploads\/2021\/05\/IMG_3134-1-scaled.jpeg\" alt=\"\" width=\"1920\" height=\"2560\" class=\"image-compare__image-after\"\/><\/div><\/figure>\n<\/div>\n<\/div>\n<\/div>\n<\/div>\n\n\n\n<figure class=\"wp-block-gallery columns-2 is-cropped wp-block-gallery-1 is-layout-flex wp-block-gallery-is-layout-flex\"><ul class=\"blocks-gallery-grid\"><li class=\"blocks-gallery-item\"><figure><img loading=\"lazy\" decoding=\"async\" width=\"225\" height=\"300\" src=\"https:\/\/institutdydyna.fr\/wp-content\/uploads\/2021\/05\/IMG_2317-1-225x300.jpeg\" alt=\"\" data-id=\"488\" class=\"wp-image-488\" srcset=\"https:\/\/institutdydyna.fr\/wp-content\/uploads\/2021\/05\/IMG_2317-1-225x300.jpeg 225w, https:\/\/institutdydyna.fr\/wp-content\/uploads\/2021\/05\/IMG_2317-1-768x1024.jpeg 768w, https:\/\/institutdydyna.fr\/wp-content\/uploads\/2021\/05\/IMG_2317-1-1152x1536.jpeg 1152w, https:\/\/institutdydyna.fr\/wp-content\/uploads\/2021\/05\/IMG_2317-1-1536x2048.jpeg 1536w, https:\/\/institutdydyna.fr\/wp-content\/uploads\/2021\/05\/IMG_2317-1-scaled.jpeg 1920w\" sizes=\"(max-width: 225px) 100vw, 225px\" \/><\/figure><\/li><li class=\"blocks-gallery-item\"><figure><img loading=\"lazy\" decoding=\"async\" width=\"225\" height=\"300\" src=\"https:\/\/institutdydyna.fr\/wp-content\/uploads\/2021\/05\/IMG_2464-1-225x300.jpeg\" alt=\"\" data-id=\"489\" class=\"wp-image-489\" srcset=\"https:\/\/institutdydyna.fr\/wp-content\/uploads\/2021\/05\/IMG_2464-1-225x300.jpeg 225w, https:\/\/institutdydyna.fr\/wp-content\/uploads\/2021\/05\/IMG_2464-1-768x1024.jpeg 768w, https:\/\/institutdydyna.fr\/wp-content\/uploads\/2021\/05\/IMG_2464-1-1152x1536.jpeg 1152w, https:\/\/institutdydyna.fr\/wp-content\/uploads\/2021\/05\/IMG_2464-1-1536x2048.jpeg 1536w, https:\/\/institutdydyna.fr\/wp-content\/uploads\/2021\/05\/IMG_2464-1-scaled.jpeg 1920w\" sizes=\"(max-width: 225px) 100vw, 225px\" \/><\/figure><\/li><li class=\"blocks-gallery-item\"><figure><img loading=\"lazy\" decoding=\"async\" width=\"225\" height=\"300\" src=\"https:\/\/institutdydyna.fr\/wp-content\/uploads\/2021\/05\/IMG_3090-225x300.jpeg\" alt=\"\" data-id=\"490\" class=\"wp-image-490\" srcset=\"https:\/\/institutdydyna.fr\/wp-content\/uploads\/2021\/05\/IMG_3090-225x300.jpeg 225w, https:\/\/institutdydyna.fr\/wp-content\/uploads\/2021\/05\/IMG_3090-768x1024.jpeg 768w, https:\/\/institutdydyna.fr\/wp-content\/uploads\/2021\/05\/IMG_3090-1152x1536.jpeg 1152w, https:\/\/institutdydyna.fr\/wp-content\/uploads\/2021\/05\/IMG_3090-1536x2048.jpeg 1536w, https:\/\/institutdydyna.fr\/wp-content\/uploads\/2021\/05\/IMG_3090-scaled.jpeg 1920w\" sizes=\"(max-width: 225px) 100vw, 225px\" \/><\/figure><\/li><li class=\"blocks-gallery-item\"><figure><img loading=\"lazy\" decoding=\"async\" width=\"225\" height=\"300\" src=\"https:\/\/institutdydyna.fr\/wp-content\/uploads\/2021\/05\/IMG_3093-225x300.jpeg\" alt=\"\" data-id=\"491\" class=\"wp-image-491\" srcset=\"https:\/\/institutdydyna.fr\/wp-content\/uploads\/2021\/05\/IMG_3093-225x300.jpeg 225w, https:\/\/institutdydyna.fr\/wp-content\/uploads\/2021\/05\/IMG_3093-768x1024.jpeg 768w, https:\/\/institutdydyna.fr\/wp-content\/uploads\/2021\/05\/IMG_3093-1152x1536.jpeg 1152w, https:\/\/institutdydyna.fr\/wp-content\/uploads\/2021\/05\/IMG_3093-1536x2048.jpeg 1536w, https:\/\/institutdydyna.fr\/wp-content\/uploads\/2021\/05\/IMG_3093-scaled.jpeg 1920w\" sizes=\"(max-width: 225px) 100vw, 225px\" \/><\/figure><\/li><li class=\"blocks-gallery-item\"><figure><img loading=\"lazy\" decoding=\"async\" width=\"196\" height=\"300\" src=\"https:\/\/institutdydyna.fr\/wp-content\/uploads\/2021\/05\/IMG_3133-196x300.jpeg\" alt=\"\" data-id=\"522\" data-full-url=\"https:\/\/institutdydyna.fr\/wp-content\/uploads\/2021\/05\/IMG_3133-scaled.jpeg\" data-link=\"https:\/\/institutdydyna.fr\/index.php\/microblading\/img_3133\/\" class=\"wp-image-522\" srcset=\"https:\/\/institutdydyna.fr\/wp-content\/uploads\/2021\/05\/IMG_3133-196x300.jpeg 196w, https:\/\/institutdydyna.fr\/wp-content\/uploads\/2021\/05\/IMG_3133-668x1024.jpeg 668w, https:\/\/institutdydyna.fr\/wp-content\/uploads\/2021\/05\/IMG_3133-768x1177.jpeg 768w, https:\/\/institutdydyna.fr\/wp-content\/uploads\/2021\/05\/IMG_3133-1003x1536.jpeg 1003w, https:\/\/institutdydyna.fr\/wp-content\/uploads\/2021\/05\/IMG_3133-1337x2048.jpeg 1337w, https:\/\/institutdydyna.fr\/wp-content\/uploads\/2021\/05\/IMG_3133-scaled.jpeg 1671w\" sizes=\"(max-width: 196px) 100vw, 196px\" \/><\/figure><\/li><li class=\"blocks-gallery-item\"><figure><img loading=\"lazy\" decoding=\"async\" width=\"225\" height=\"300\" src=\"https:\/\/institutdydyna.fr\/wp-content\/uploads\/2021\/05\/IMG_3134-225x300.jpeg\" alt=\"\" data-id=\"492\" class=\"wp-image-492\" srcset=\"https:\/\/institutdydyna.fr\/wp-content\/uploads\/2021\/05\/IMG_3134-225x300.jpeg 225w, https:\/\/institutdydyna.fr\/wp-content\/uploads\/2021\/05\/IMG_3134-768x1024.jpeg 768w, https:\/\/institutdydyna.fr\/wp-content\/uploads\/2021\/05\/IMG_3134-1152x1536.jpeg 1152w, https:\/\/institutdydyna.fr\/wp-content\/uploads\/2021\/05\/IMG_3134-1536x2048.jpeg 1536w, https:\/\/institutdydyna.fr\/wp-content\/uploads\/2021\/05\/IMG_3134-scaled.jpeg 1920w\" sizes=\"(max-width: 225px) 100vw, 225px\" \/><\/figure><\/li><li class=\"blocks-gallery-item\"><figure><img loading=\"lazy\" decoding=\"async\" width=\"225\" height=\"300\" src=\"https:\/\/institutdydyna.fr\/wp-content\/uploads\/2021\/05\/IMG_2385-225x300.jpeg\" alt=\"\" data-id=\"499\" data-link=\"https:\/\/institutdydyna.fr\/index.php\/microblading\/img_2385\/\" class=\"wp-image-499\" srcset=\"https:\/\/institutdydyna.fr\/wp-content\/uploads\/2021\/05\/IMG_2385-225x300.jpeg 225w, https:\/\/institutdydyna.fr\/wp-content\/uploads\/2021\/05\/IMG_2385-768x1024.jpeg 768w, https:\/\/institutdydyna.fr\/wp-content\/uploads\/2021\/05\/IMG_2385-1152x1536.jpeg 1152w, https:\/\/institutdydyna.fr\/wp-content\/uploads\/2021\/05\/IMG_2385-1536x2048.jpeg 1536w, https:\/\/institutdydyna.fr\/wp-content\/uploads\/2021\/05\/IMG_2385-scaled.jpeg 1920w\" sizes=\"(max-width: 225px) 100vw, 225px\" \/><\/figure><\/li><li class=\"blocks-gallery-item\"><figure><img loading=\"lazy\" decoding=\"async\" width=\"225\" height=\"300\" src=\"https:\/\/institutdydyna.fr\/wp-content\/uploads\/2021\/05\/IMG_2388-225x300.jpeg\" alt=\"\" data-id=\"500\" data-link=\"https:\/\/institutdydyna.fr\/index.php\/microblading\/img_2388\/\" class=\"wp-image-500\" srcset=\"https:\/\/institutdydyna.fr\/wp-content\/uploads\/2021\/05\/IMG_2388-225x300.jpeg 225w, https:\/\/institutdydyna.fr\/wp-content\/uploads\/2021\/05\/IMG_2388-768x1024.jpeg 768w, https:\/\/institutdydyna.fr\/wp-content\/uploads\/2021\/05\/IMG_2388-1152x1536.jpeg 1152w, https:\/\/institutdydyna.fr\/wp-content\/uploads\/2021\/05\/IMG_2388-1536x2048.jpeg 1536w, https:\/\/institutdydyna.fr\/wp-content\/uploads\/2021\/05\/IMG_2388-scaled.jpeg 1920w\" sizes=\"(max-width: 225px) 100vw, 225px\" \/><\/figure><\/li><li class=\"blocks-gallery-item\"><figure><img loading=\"lazy\" decoding=\"async\" width=\"225\" height=\"300\" src=\"https:\/\/institutdydyna.fr\/wp-content\/uploads\/2021\/05\/IMG_2611-225x300.jpeg\" alt=\"\" data-id=\"501\" data-link=\"https:\/\/institutdydyna.fr\/index.php\/microblading\/img_2611\/\" class=\"wp-image-501\" srcset=\"https:\/\/institutdydyna.fr\/wp-content\/uploads\/2021\/05\/IMG_2611-225x300.jpeg 225w, https:\/\/institutdydyna.fr\/wp-content\/uploads\/2021\/05\/IMG_2611-768x1024.jpeg 768w, https:\/\/institutdydyna.fr\/wp-content\/uploads\/2021\/05\/IMG_2611-1152x1536.jpeg 1152w, https:\/\/institutdydyna.fr\/wp-content\/uploads\/2021\/05\/IMG_2611-1536x2048.jpeg 1536w, https:\/\/institutdydyna.fr\/wp-content\/uploads\/2021\/05\/IMG_2611-scaled.jpeg 1920w\" sizes=\"(max-width: 225px) 100vw, 225px\" \/><\/figure><\/li><li class=\"blocks-gallery-item\"><figure><img loading=\"lazy\" decoding=\"async\" width=\"768\" height=\"1024\" src=\"https:\/\/institutdydyna.fr\/wp-content\/uploads\/2021\/05\/IMG_2614-768x1024.jpeg\" alt=\"\" data-id=\"502\" data-link=\"https:\/\/institutdydyna.fr\/index.php\/microblading\/img_2614\/\" class=\"wp-image-502\" srcset=\"https:\/\/institutdydyna.fr\/wp-content\/uploads\/2021\/05\/IMG_2614-768x1024.jpeg 768w, https:\/\/institutdydyna.fr\/wp-content\/uploads\/2021\/05\/IMG_2614-225x300.jpeg 225w, https:\/\/institutdydyna.fr\/wp-content\/uploads\/2021\/05\/IMG_2614-1152x1536.jpeg 1152w, https:\/\/institutdydyna.fr\/wp-content\/uploads\/2021\/05\/IMG_2614-1536x2048.jpeg 1536w, https:\/\/institutdydyna.fr\/wp-content\/uploads\/2021\/05\/IMG_2614-scaled.jpeg 1920w\" sizes=\"(max-width: 768px) 100vw, 768px\" \/><\/figure><\/li><\/ul><\/figure>\n","protected":false},"excerpt":{"rendered":"<p>Tarifs Microblading + Retouche 4 semaines 250 \u20ac Retouche \u00ab\u00a0annuelle\u00a0\u00bb selon les besoins 100 \u20ac \u00e0 150 \u20ac Le microblading, c&rsquo;est quoi ? Le microblading est un maquillage semi-permanent des sourcils avec un effet poil \u00e0 poil pour un rendu le plus naturel possible. Comment est r\u00e9alis\u00e9 le microblading ? Les pigments sont ins\u00e9r\u00e9s sous <a href=\"https:\/\/institutdydyna.fr\/index.php\/microblading\/\" rel=\"nofollow\"><span class=\"sr-only\">En savoir plus surMicroblading<\/span>[&#8230;]<\/a><\/p>\n","protected":false},"author":1,"featured_media":0,"parent":0,"menu_order":0,"comment_status":"closed","ping_status":"closed","template":"template-fullwidth.php","meta":{"jetpack_post_was_ever_published":false,"footnotes":""},"yoast_head":"<!-- This site is optimized with the Yoast SEO plugin v23.4 - https:\/\/yoast.com\/wordpress\/plugins\/seo\/ -->\n<title>Microblading - Institut Dydyna<\/title>\n<meta name=\"description\" content=\"Le microblading permet de parfaire, corriger, redessiner ou cr\u00e9er une nouvelle ligne \u00e0 vos sourcils gr\u00e2ce au maquillage semi-permanent\" \/>\n<meta name=\"robots\" content=\"index, follow, max-snippet:-1, max-image-preview:large, max-video-preview:-1\" \/>\n<link rel=\"canonical\" href=\"https:\/\/institutdydyna.fr\/index.php\/microblading\/\" \/>\n<meta property=\"og:locale\" content=\"fr_FR\" \/>\n<meta property=\"og:type\" content=\"article\" \/>\n<meta property=\"og:title\" content=\"Microblading - Institut Dydyna\" \/>\n<meta property=\"og:description\" content=\"Le microblading permet de parfaire, corriger, redessiner ou cr\u00e9er une nouvelle ligne \u00e0 vos sourcils gr\u00e2ce au maquillage semi-permanent\" \/>\n<meta property=\"og:url\" content=\"https:\/\/institutdydyna.fr\/index.php\/microblading\/\" \/>\n<meta property=\"og:site_name\" content=\"Institut Dydyna\" \/>\n<meta property=\"article:publisher\" content=\"https:\/\/www.facebook.com\/institutdydyna\" \/>\n<meta property=\"article:modified_time\" content=\"2021-05-27T12:09:13+00:00\" \/>\n<meta property=\"og:image\" content=\"https:\/\/institutdydyna.fr\/wp-content\/uploads\/2021\/05\/IMG_3133-1-scaled.jpeg\" \/>\n<meta name=\"twitter:card\" content=\"summary_large_image\" \/>\n<meta name=\"twitter:label1\" content=\"Dur\u00e9e de lecture estim\u00e9e\" \/>\n\t<meta name=\"twitter:data1\" content=\"3 minutes\" \/>\n<script type=\"application\/ld+json\" class=\"yoast-schema-graph\">{\"@context\":\"https:\/\/schema.org\",\"@graph\":[{\"@type\":\"WebPage\",\"@id\":\"https:\/\/institutdydyna.fr\/index.php\/microblading\/\",\"url\":\"https:\/\/institutdydyna.fr\/index.php\/microblading\/\",\"name\":\"Microblading - Institut Dydyna\",\"isPartOf\":{\"@id\":\"https:\/\/institutdydyna.fr\/#website\"},\"primaryImageOfPage\":{\"@id\":\"https:\/\/institutdydyna.fr\/index.php\/microblading\/#primaryimage\"},\"image\":{\"@id\":\"https:\/\/institutdydyna.fr\/index.php\/microblading\/#primaryimage\"},\"thumbnailUrl\":\"https:\/\/institutdydyna.fr\/wp-content\/uploads\/2021\/05\/IMG_3133-1-scaled.jpeg\",\"datePublished\":\"2020-11-02T08:54:28+00:00\",\"dateModified\":\"2021-05-27T12:09:13+00:00\",\"description\":\"Le microblading permet de parfaire, corriger, redessiner ou cr\u00e9er une nouvelle ligne \u00e0 vos sourcils gr\u00e2ce au maquillage semi-permanent\",\"breadcrumb\":{\"@id\":\"https:\/\/institutdydyna.fr\/index.php\/microblading\/#breadcrumb\"},\"inLanguage\":\"fr-FR\",\"potentialAction\":[{\"@type\":\"ReadAction\",\"target\":[\"https:\/\/institutdydyna.fr\/index.php\/microblading\/\"]}]},{\"@type\":\"ImageObject\",\"inLanguage\":\"fr-FR\",\"@id\":\"https:\/\/institutdydyna.fr\/index.php\/microblading\/#primaryimage\",\"url\":\"https:\/\/institutdydyna.fr\/wp-content\/uploads\/2021\/05\/IMG_3133-1-scaled.jpeg\",\"contentUrl\":\"https:\/\/institutdydyna.fr\/wp-content\/uploads\/2021\/05\/IMG_3133-1-scaled.jpeg\",\"width\":1671,\"height\":2560},{\"@type\":\"BreadcrumbList\",\"@id\":\"https:\/\/institutdydyna.fr\/index.php\/microblading\/#breadcrumb\",\"itemListElement\":[{\"@type\":\"ListItem\",\"position\":1,\"name\":\"Accueil\",\"item\":\"https:\/\/institutdydyna.fr\/\"},{\"@type\":\"ListItem\",\"position\":2,\"name\":\"Microblading\"}]},{\"@type\":\"WebSite\",\"@id\":\"https:\/\/institutdydyna.fr\/#website\",\"url\":\"https:\/\/institutdydyna.fr\/\",\"name\":\"Institut Dydyna\",\"description\":\"Manucure, Onglerie, Nail Art, \u00e9pilation, LPG, Microblading\",\"publisher\":{\"@id\":\"https:\/\/institutdydyna.fr\/#organization\"},\"potentialAction\":[{\"@type\":\"SearchAction\",\"target\":{\"@type\":\"EntryPoint\",\"urlTemplate\":\"https:\/\/institutdydyna.fr\/?s={search_term_string}\"},\"query-input\":{\"@type\":\"PropertyValueSpecification\",\"valueRequired\":true,\"valueName\":\"search_term_string\"}}],\"inLanguage\":\"fr-FR\"},{\"@type\":\"Organization\",\"@id\":\"https:\/\/institutdydyna.fr\/#organization\",\"name\":\"Institut Dydyna\",\"url\":\"https:\/\/institutdydyna.fr\/\",\"logo\":{\"@type\":\"ImageObject\",\"inLanguage\":\"fr-FR\",\"@id\":\"https:\/\/institutdydyna.fr\/#\/schema\/logo\/image\/\",\"url\":\"https:\/\/institutdydyna.fr\/wp-content\/uploads\/2017\/02\/cropped-logo-dydyna-final.png\",\"contentUrl\":\"https:\/\/institutdydyna.fr\/wp-content\/uploads\/2017\/02\/cropped-logo-dydyna-final.png\",\"width\":512,\"height\":512,\"caption\":\"Institut Dydyna\"},\"image\":{\"@id\":\"https:\/\/institutdydyna.fr\/#\/schema\/logo\/image\/\"},\"sameAs\":[\"https:\/\/www.facebook.com\/institutdydyna\",\"https:\/\/www.instagram.com\/institutdydyna\"]}]}<\/script>\n<!-- \/ Yoast SEO plugin. -->","yoast_head_json":{"title":"Microblading - Institut Dydyna","description":"Le microblading permet de parfaire, corriger, redessiner ou cr\u00e9er une nouvelle ligne \u00e0 vos sourcils gr\u00e2ce au maquillage semi-permanent","robots":{"index":"index","follow":"follow","max-snippet":"max-snippet:-1","max-image-preview":"max-image-preview:large","max-video-preview":"max-video-preview:-1"},"canonical":"https:\/\/institutdydyna.fr\/index.php\/microblading\/","og_locale":"fr_FR","og_type":"article","og_title":"Microblading - Institut Dydyna","og_description":"Le microblading permet de parfaire, corriger, redessiner ou cr\u00e9er une nouvelle ligne \u00e0 vos sourcils gr\u00e2ce au maquillage semi-permanent","og_url":"https:\/\/institutdydyna.fr\/index.php\/microblading\/","og_site_name":"Institut Dydyna","article_publisher":"https:\/\/www.facebook.com\/institutdydyna","article_modified_time":"2021-05-27T12:09:13+00:00","og_image":[{"url":"https:\/\/institutdydyna.fr\/wp-content\/uploads\/2021\/05\/IMG_3133-1-scaled.jpeg"}],"twitter_card":"summary_large_image","twitter_misc":{"Dur\u00e9e de lecture estim\u00e9e":"3 minutes"},"schema":{"@context":"https:\/\/schema.org","@graph":[{"@type":"WebPage","@id":"https:\/\/institutdydyna.fr\/index.php\/microblading\/","url":"https:\/\/institutdydyna.fr\/index.php\/microblading\/","name":"Microblading - Institut Dydyna","isPartOf":{"@id":"https:\/\/institutdydyna.fr\/#website"},"primaryImageOfPage":{"@id":"https:\/\/institutdydyna.fr\/index.php\/microblading\/#primaryimage"},"image":{"@id":"https:\/\/institutdydyna.fr\/index.php\/microblading\/#primaryimage"},"thumbnailUrl":"https:\/\/institutdydyna.fr\/wp-content\/uploads\/2021\/05\/IMG_3133-1-scaled.jpeg","datePublished":"2020-11-02T08:54:28+00:00","dateModified":"2021-05-27T12:09:13+00:00","description":"Le microblading permet de parfaire, corriger, redessiner ou cr\u00e9er une nouvelle ligne \u00e0 vos sourcils gr\u00e2ce au maquillage semi-permanent","breadcrumb":{"@id":"https:\/\/institutdydyna.fr\/index.php\/microblading\/#breadcrumb"},"inLanguage":"fr-FR","potentialAction":[{"@type":"ReadAction","target":["https:\/\/institutdydyna.fr\/index.php\/microblading\/"]}]},{"@type":"ImageObject","inLanguage":"fr-FR","@id":"https:\/\/institutdydyna.fr\/index.php\/microblading\/#primaryimage","url":"https:\/\/institutdydyna.fr\/wp-content\/uploads\/2021\/05\/IMG_3133-1-scaled.jpeg","contentUrl":"https:\/\/institutdydyna.fr\/wp-content\/uploads\/2021\/05\/IMG_3133-1-scaled.jpeg","width":1671,"height":2560},{"@type":"BreadcrumbList","@id":"https:\/\/institutdydyna.fr\/index.php\/microblading\/#breadcrumb","itemListElement":[{"@type":"ListItem","position":1,"name":"Accueil","item":"https:\/\/institutdydyna.fr\/"},{"@type":"ListItem","position":2,"name":"Microblading"}]},{"@type":"WebSite","@id":"https:\/\/institutdydyna.fr\/#website","url":"https:\/\/institutdydyna.fr\/","name":"Institut Dydyna","description":"Manucure, Onglerie, Nail Art, \u00e9pilation, LPG, Microblading","publisher":{"@id":"https:\/\/institutdydyna.fr\/#organization"},"potentialAction":[{"@type":"SearchAction","target":{"@type":"EntryPoint","urlTemplate":"https:\/\/institutdydyna.fr\/?s={search_term_string}"},"query-input":{"@type":"PropertyValueSpecification","valueRequired":true,"valueName":"search_term_string"}}],"inLanguage":"fr-FR"},{"@type":"Organization","@id":"https:\/\/institutdydyna.fr\/#organization","name":"Institut Dydyna","url":"https:\/\/institutdydyna.fr\/","logo":{"@type":"ImageObject","inLanguage":"fr-FR","@id":"https:\/\/institutdydyna.fr\/#\/schema\/logo\/image\/","url":"https:\/\/institutdydyna.fr\/wp-content\/uploads\/2017\/02\/cropped-logo-dydyna-final.png","contentUrl":"https:\/\/institutdydyna.fr\/wp-content\/uploads\/2017\/02\/cropped-logo-dydyna-final.png","width":512,"height":512,"caption":"Institut Dydyna"},"image":{"@id":"https:\/\/institutdydyna.fr\/#\/schema\/logo\/image\/"},"sameAs":["https:\/\/www.facebook.com\/institutdydyna","https:\/\/www.instagram.com\/institutdydyna"]}]}},"jetpack_sharing_enabled":true,"jetpack_shortlink":"https:\/\/wp.me\/P84TWh-56","_links":{"self":[{"href":"https:\/\/institutdydyna.fr\/index.php\/wp-json\/wp\/v2\/pages\/316"}],"collection":[{"href":"https:\/\/institutdydyna.fr\/index.php\/wp-json\/wp\/v2\/pages"}],"about":[{"href":"https:\/\/institutdydyna.fr\/index.php\/wp-json\/wp\/v2\/types\/page"}],"author":[{"embeddable":true,"href":"https:\/\/institutdydyna.fr\/index.php\/wp-json\/wp\/v2\/users\/1"}],"replies":[{"embeddable":true,"href":"https:\/\/institutdydyna.fr\/index.php\/wp-json\/wp\/v2\/comments?post=316"}],"version-history":[{"count":27,"href":"https:\/\/institutdydyna.fr\/index.php\/wp-json\/wp\/v2\/pages\/316\/revisions"}],"predecessor-version":[{"id":527,"href":"https:\/\/institutdydyna.fr\/index.php\/wp-json\/wp\/v2\/pages\/316\/revisions\/527"}],"wp:attachment":[{"href":"https:\/\/institutdydyna.fr\/index.php\/wp-json\/wp\/v2\/media?parent=316"}],"curies":[{"name":"wp","href":"https:\/\/api.w.org\/{rel}","templated":true}]}}