{"id":40,"date":"2016-11-05T01:08:29","date_gmt":"2016-11-05T00:08:29","guid":{"rendered":"http:\/\/institutdydyna.fr\/?page_id=40"},"modified":"2016-11-05T02:38:10","modified_gmt":"2016-11-05T01:38:10","slug":"nous-trouver","status":"publish","type":"page","link":"https:\/\/institutdydyna.fr\/index.php\/nous-trouver\/","title":{"rendered":"Nous trouver"},"content":{"rendered":"<div id=\"pl-40\"  class=\"panel-layout\" ><div id=\"pg-40-0\"  class=\"panel-grid panel-no-style\" ><div id=\"pgc-40-0-0\"  class=\"panel-grid-cell\" ><div id=\"panel-40-0-0-0\" class=\"so-panel widget widget_sow-google-map panel-first-child panel-last-child\" data-index=\"0\" ><div\n\t\t\t\n\t\t\tclass=\"so-widget-sow-google-map so-widget-sow-google-map-default-6b23895f316e-40\"\n\t\t\t\n\t\t>\n<div class=\"sow-google-map-canvas\"\n\tstyle=\"\"\n\tid=\"map-canvas-002b2eca42fe9b2292d3d3afa49729e5\"\n\tdata-options=\"{&quot;address&quot;:&quot;107 Avenue du G\\u00e9n\\u00e9ral Leclerc 54110 Dombasle sur Meurthe&quot;,&quot;zoom&quot;:19,&quot;mobileZoom&quot;:19,&quot;gestureHandling&quot;:&quot;greedy&quot;,&quot;disableUi&quot;:true,&quot;markerIcon&quot;:false,&quot;markersDraggable&quot;:false,&quot;markerAtCenter&quot;:true,&quot;markerInfoDisplay&quot;:&quot;click&quot;,&quot;markerInfoMultiple&quot;:true,&quot;markerPositions&quot;:false,&quot;mapName&quot;:false,&quot;mapStyles&quot;:false,&quot;directions&quot;:&quot;&quot;,&quot;apiKey&quot;:&quot;AIzaSyCRxBA7rQ5ogb-b3VunNCZPh5bTsgq5dCk&quot;,&quot;breakpoint&quot;:780,&quot;id&quot;:&quot;69e4cd&quot;}\"\n\tdata-fallback-image=\"{&quot;img&quot;:&quot;&quot;}\"><\/div>\n<\/div><\/div><\/div><div id=\"pgc-40-0-1\"  class=\"panel-grid-cell\" ><div id=\"panel-40-0-1-0\" class=\"so-panel widget widget_text panel-first-child panel-last-child\" data-index=\"1\" ><h3 class=\"widget-title\">Nos coordonn\u00e9es<\/h3>\t\t\t<div class=\"textwidget\">Institut Dydyna<br>107 Avenue du G\u00e9n\u00e9ral Leclerc<br>54110 Dombasle sur Meurthe<br>T\u00e9l\u00e9phone 03 83 30 26 05<\/div>\n\t\t<\/div><\/div><\/div><\/div>","protected":false},"excerpt":{"rendered":"<p>Institut Dydyna107 Avenue du G\u00e9n\u00e9ral Leclerc54110 Dombasle sur MeurtheT\u00e9l\u00e9phone 03 83 30 26 05<\/p>\n","protected":false},"author":1,"featured_media":0,"parent":0,"menu_order":9,"comment_status":"closed","ping_status":"closed","template":"template-fullwidth.php","meta":{"jetpack_post_was_ever_published":false,"footnotes":""},"yoast_head":"<!-- This site is optimized with the Yoast SEO plugin v23.4 - https:\/\/yoast.com\/wordpress\/plugins\/seo\/ -->\n<title>Nous trouver - Institut Dydyna<\/title>\n<meta name=\"robots\" content=\"index, follow, max-snippet:-1, max-image-preview:large, max-video-preview:-1\" \/>\n<link rel=\"canonical\" href=\"https:\/\/institutdydyna.fr\/index.php\/nous-trouver\/\" \/>\n<meta property=\"og:locale\" content=\"fr_FR\" \/>\n<meta property=\"og:type\" content=\"article\" \/>\n<meta property=\"og:title\" content=\"Nous trouver - Institut Dydyna\" \/>\n<meta property=\"og:description\" content=\"Institut Dydyna107 Avenue du G\u00e9n\u00e9ral Leclerc54110 Dombasle sur MeurtheT\u00e9l\u00e9phone 03 83 30 26 05\" \/>\n<meta property=\"og:url\" content=\"https:\/\/institutdydyna.fr\/index.php\/nous-trouver\/\" \/>\n<meta property=\"og:site_name\" content=\"Institut Dydyna\" \/>\n<meta property=\"article:publisher\" content=\"https:\/\/www.facebook.com\/institutdydyna\" \/>\n<meta property=\"article:modified_time\" content=\"2016-11-05T01:38:10+00:00\" \/>\n<meta name=\"twitter:card\" content=\"summary_large_image\" \/>\n<script type=\"application\/ld+json\" class=\"yoast-schema-graph\">{\"@context\":\"https:\/\/schema.org\",\"@graph\":[{\"@type\":\"WebPage\",\"@id\":\"https:\/\/institutdydyna.fr\/index.php\/nous-trouver\/\",\"url\":\"https:\/\/institutdydyna.fr\/index.php\/nous-trouver\/\",\"name\":\"Nous trouver - Institut Dydyna\",\"isPartOf\":{\"@id\":\"https:\/\/institutdydyna.fr\/#website\"},\"datePublished\":\"2016-11-05T00:08:29+00:00\",\"dateModified\":\"2016-11-05T01:38:10+00:00\",\"breadcrumb\":{\"@id\":\"https:\/\/institutdydyna.fr\/index.php\/nous-trouver\/#breadcrumb\"},\"inLanguage\":\"fr-FR\",\"potentialAction\":[{\"@type\":\"ReadAction\",\"target\":[\"https:\/\/institutdydyna.fr\/index.php\/nous-trouver\/\"]}]},{\"@type\":\"BreadcrumbList\",\"@id\":\"https:\/\/institutdydyna.fr\/index.php\/nous-trouver\/#breadcrumb\",\"itemListElement\":[{\"@type\":\"ListItem\",\"position\":1,\"name\":\"Accueil\",\"item\":\"https:\/\/institutdydyna.fr\/\"},{\"@type\":\"ListItem\",\"position\":2,\"name\":\"Nous trouver\"}]},{\"@type\":\"WebSite\",\"@id\":\"https:\/\/institutdydyna.fr\/#website\",\"url\":\"https:\/\/institutdydyna.fr\/\",\"name\":\"Institut Dydyna\",\"description\":\"Manucure, Onglerie, Nail Art, \u00e9pilation, LPG, Microblading\",\"publisher\":{\"@id\":\"https:\/\/institutdydyna.fr\/#organization\"},\"potentialAction\":[{\"@type\":\"SearchAction\",\"target\":{\"@type\":\"EntryPoint\",\"urlTemplate\":\"https:\/\/institutdydyna.fr\/?s={search_term_string}\"},\"query-input\":{\"@type\":\"PropertyValueSpecification\",\"valueRequired\":true,\"valueName\":\"search_term_string\"}}],\"inLanguage\":\"fr-FR\"},{\"@type\":\"Organization\",\"@id\":\"https:\/\/institutdydyna.fr\/#organization\",\"name\":\"Institut Dydyna\",\"url\":\"https:\/\/institutdydyna.fr\/\",\"logo\":{\"@type\":\"ImageObject\",\"inLanguage\":\"fr-FR\",\"@id\":\"https:\/\/institutdydyna.fr\/#\/schema\/logo\/image\/\",\"url\":\"https:\/\/institutdydyna.fr\/wp-content\/uploads\/2017\/02\/cropped-logo-dydyna-final.png\",\"contentUrl\":\"https:\/\/institutdydyna.fr\/wp-content\/uploads\/2017\/02\/cropped-logo-dydyna-final.png\",\"width\":512,\"height\":512,\"caption\":\"Institut Dydyna\"},\"image\":{\"@id\":\"https:\/\/institutdydyna.fr\/#\/schema\/logo\/image\/\"},\"sameAs\":[\"https:\/\/www.facebook.com\/institutdydyna\",\"https:\/\/www.instagram.com\/institutdydyna\"]}]}<\/script>\n<!-- \/ Yoast SEO plugin. -->","yoast_head_json":{"title":"Nous trouver - Institut Dydyna","robots":{"index":"index","follow":"follow","max-snippet":"max-snippet:-1","max-image-preview":"max-image-preview:large","max-video-preview":"max-video-preview:-1"},"canonical":"https:\/\/institutdydyna.fr\/index.php\/nous-trouver\/","og_locale":"fr_FR","og_type":"article","og_title":"Nous trouver - Institut Dydyna","og_description":"Institut Dydyna107 Avenue du G\u00e9n\u00e9ral Leclerc54110 Dombasle sur MeurtheT\u00e9l\u00e9phone 03 83 30 26 05","og_url":"https:\/\/institutdydyna.fr\/index.php\/nous-trouver\/","og_site_name":"Institut Dydyna","article_publisher":"https:\/\/www.facebook.com\/institutdydyna","article_modified_time":"2016-11-05T01:38:10+00:00","twitter_card":"summary_large_image","schema":{"@context":"https:\/\/schema.org","@graph":[{"@type":"WebPage","@id":"https:\/\/institutdydyna.fr\/index.php\/nous-trouver\/","url":"https:\/\/institutdydyna.fr\/index.php\/nous-trouver\/","name":"Nous trouver - Institut Dydyna","isPartOf":{"@id":"https:\/\/institutdydyna.fr\/#website"},"datePublished":"2016-11-05T00:08:29+00:00","dateModified":"2016-11-05T01:38:10+00:00","breadcrumb":{"@id":"https:\/\/institutdydyna.fr\/index.php\/nous-trouver\/#breadcrumb"},"inLanguage":"fr-FR","potentialAction":[{"@type":"ReadAction","target":["https:\/\/institutdydyna.fr\/index.php\/nous-trouver\/"]}]},{"@type":"BreadcrumbList","@id":"https:\/\/institutdydyna.fr\/index.php\/nous-trouver\/#breadcrumb","itemListElement":[{"@type":"ListItem","position":1,"name":"Accueil","item":"https:\/\/institutdydyna.fr\/"},{"@type":"ListItem","position":2,"name":"Nous trouver"}]},{"@type":"WebSite","@id":"https:\/\/institutdydyna.fr\/#website","url":"https:\/\/institutdydyna.fr\/","name":"Institut Dydyna","description":"Manucure, Onglerie, Nail Art, \u00e9pilation, LPG, Microblading","publisher":{"@id":"https:\/\/institutdydyna.fr\/#organization"},"potentialAction":[{"@type":"SearchAction","target":{"@type":"EntryPoint","urlTemplate":"https:\/\/institutdydyna.fr\/?s={search_term_string}"},"query-input":{"@type":"PropertyValueSpecification","valueRequired":true,"valueName":"search_term_string"}}],"inLanguage":"fr-FR"},{"@type":"Organization","@id":"https:\/\/institutdydyna.fr\/#organization","name":"Institut Dydyna","url":"https:\/\/institutdydyna.fr\/","logo":{"@type":"ImageObject","inLanguage":"fr-FR","@id":"https:\/\/institutdydyna.fr\/#\/schema\/logo\/image\/","url":"https:\/\/institutdydyna.fr\/wp-content\/uploads\/2017\/02\/cropped-logo-dydyna-final.png","contentUrl":"https:\/\/institutdydyna.fr\/wp-content\/uploads\/2017\/02\/cropped-logo-dydyna-final.png","width":512,"height":512,"caption":"Institut Dydyna"},"image":{"@id":"https:\/\/institutdydyna.fr\/#\/schema\/logo\/image\/"},"sameAs":["https:\/\/www.facebook.com\/institutdydyna","https:\/\/www.instagram.com\/institutdydyna"]}]}},"jetpack_sharing_enabled":false,"jetpack_shortlink":"https:\/\/wp.me\/P84TWh-E","_links":{"self":[{"href":"https:\/\/institutdydyna.fr\/index.php\/wp-json\/wp\/v2\/pages\/40"}],"collection":[{"href":"https:\/\/institutdydyna.fr\/index.php\/wp-json\/wp\/v2\/pages"}],"about":[{"href":"https:\/\/institutdydyna.fr\/index.php\/wp-json\/wp\/v2\/types\/page"}],"author":[{"embeddable":true,"href":"https:\/\/institutdydyna.fr\/index.php\/wp-json\/wp\/v2\/users\/1"}],"replies":[{"embeddable":true,"href":"https:\/\/institutdydyna.fr\/index.php\/wp-json\/wp\/v2\/comments?post=40"}],"version-history":[{"count":0,"href":"https:\/\/institutdydyna.fr\/index.php\/wp-json\/wp\/v2\/pages\/40\/revisions"}],"wp:attachment":[{"href":"https:\/\/institutdydyna.fr\/index.php\/wp-json\/wp\/v2\/media?parent=40"}],"curies":[{"name":"wp","href":"https:\/\/api.w.org\/{rel}","templated":true}]}}