{"id":42,"date":"2016-11-05T01:10:05","date_gmt":"2016-11-05T00:10:05","guid":{"rendered":"http:\/\/institutdydyna.fr\/?page_id=42"},"modified":"2021-05-19T09:57:36","modified_gmt":"2021-05-19T07:57:36","slug":"maquillage","status":"publish","type":"page","link":"https:\/\/institutdydyna.fr\/index.php\/maquillage\/","title":{"rendered":"Maquillage"},"content":{"rendered":"<div id=\"pl-42\"  class=\"panel-layout\" ><div id=\"pg-42-0\"  class=\"panel-grid panel-no-style\" ><div id=\"pgc-42-0-0\"  class=\"panel-grid-cell\" ><div id=\"panel-42-0-0-0\" class=\"widget_text so-panel widget widget_custom_html panel-first-child panel-last-child\" data-index=\"0\" ><div class=\"textwidget custom-html-widget\"><table>\n<tr><td><strong>R\u00e9alisation d'un maquillage personnalis\u00e9 avec fixateur<\/strong><\/td><td>25 \u20ac<\/td><\/tr>\n<tr><td><strong>Suppl\u00e9ment pour essai avant mariage<\/strong><\/td><td>15\u20ac<\/td><\/tr>\n<\/table><\/div><\/div><\/div><div id=\"pgc-42-0-1\"  class=\"panel-grid-cell\" ><div id=\"panel-42-0-1-0\" class=\"so-panel widget widget_sow-image panel-first-child panel-last-child\" data-index=\"1\" ><div\n\t\t\t\n\t\t\tclass=\"so-widget-sow-image so-widget-sow-image-default-8b5b6f678277-42\"\n\t\t\t\n\t\t>\n<div class=\"sow-image-container\">\n\t\t<img \n\tsrc=\"https:\/\/institutdydyna.fr\/wp-content\/uploads\/2016\/11\/maquillage-institut.jpg\" width=\"296\" height=\"179\" sizes=\"(max-width: 296px) 100vw, 296px\" title=\"maquillage\" alt=\"maquillage\" \t\tclass=\"so-widget-image\"\/>\n\t<\/div>\n\n<\/div><\/div><\/div><\/div><\/div>","protected":false},"excerpt":{"rendered":"<p>R\u00e9alisation d&rsquo;un maquillage personnalis\u00e9 avec fixateur25 \u20ac Suppl\u00e9ment pour essai avant mariage15\u20ac<\/p>\n","protected":false},"author":1,"featured_media":0,"parent":0,"menu_order":6,"comment_status":"closed","ping_status":"closed","template":"template-fullwidth.php","meta":{"jetpack_post_was_ever_published":false,"footnotes":""},"yoast_head":"<!-- This site is optimized with the Yoast SEO plugin v23.4 - https:\/\/yoast.com\/wordpress\/plugins\/seo\/ -->\n<title>Maquillage - Institut Dydyna<\/title>\n<meta name=\"description\" content=\"Que ce soit pour un mariage ou une f\u00eate, venez \u00e0 l&#039;Institut Dydyna r\u00e9aliser votre maquillage personnalis\u00e9 avec fixateur.\" \/>\n<meta name=\"robots\" content=\"index, follow, max-snippet:-1, max-image-preview:large, max-video-preview:-1\" \/>\n<link rel=\"canonical\" href=\"https:\/\/institutdydyna.fr\/index.php\/maquillage\/\" \/>\n<meta property=\"og:locale\" content=\"fr_FR\" \/>\n<meta property=\"og:type\" content=\"article\" \/>\n<meta property=\"og:title\" content=\"Maquillage - Institut Dydyna\" \/>\n<meta property=\"og:description\" content=\"Que ce soit pour un mariage ou une f\u00eate, venez \u00e0 l&#039;Institut Dydyna r\u00e9aliser votre maquillage personnalis\u00e9 avec fixateur.\" \/>\n<meta property=\"og:url\" content=\"https:\/\/institutdydyna.fr\/index.php\/maquillage\/\" \/>\n<meta property=\"og:site_name\" content=\"Institut Dydyna\" \/>\n<meta property=\"article:publisher\" content=\"https:\/\/www.facebook.com\/institutdydyna\" \/>\n<meta property=\"article:modified_time\" content=\"2021-05-19T07:57:36+00:00\" \/>\n<meta name=\"twitter:card\" content=\"summary_large_image\" \/>\n<script type=\"application\/ld+json\" class=\"yoast-schema-graph\">{\"@context\":\"https:\/\/schema.org\",\"@graph\":[{\"@type\":\"WebPage\",\"@id\":\"https:\/\/institutdydyna.fr\/index.php\/maquillage\/\",\"url\":\"https:\/\/institutdydyna.fr\/index.php\/maquillage\/\",\"name\":\"Maquillage - Institut Dydyna\",\"isPartOf\":{\"@id\":\"https:\/\/institutdydyna.fr\/#website\"},\"datePublished\":\"2016-11-05T00:10:05+00:00\",\"dateModified\":\"2021-05-19T07:57:36+00:00\",\"description\":\"Que ce soit pour un mariage ou une f\u00eate, venez \u00e0 l'Institut Dydyna r\u00e9aliser votre maquillage personnalis\u00e9 avec fixateur.\",\"breadcrumb\":{\"@id\":\"https:\/\/institutdydyna.fr\/index.php\/maquillage\/#breadcrumb\"},\"inLanguage\":\"fr-FR\",\"potentialAction\":[{\"@type\":\"ReadAction\",\"target\":[\"https:\/\/institutdydyna.fr\/index.php\/maquillage\/\"]}]},{\"@type\":\"BreadcrumbList\",\"@id\":\"https:\/\/institutdydyna.fr\/index.php\/maquillage\/#breadcrumb\",\"itemListElement\":[{\"@type\":\"ListItem\",\"position\":1,\"name\":\"Accueil\",\"item\":\"https:\/\/institutdydyna.fr\/\"},{\"@type\":\"ListItem\",\"position\":2,\"name\":\"Maquillage\"}]},{\"@type\":\"WebSite\",\"@id\":\"https:\/\/institutdydyna.fr\/#website\",\"url\":\"https:\/\/institutdydyna.fr\/\",\"name\":\"Institut Dydyna\",\"description\":\"Manucure, Onglerie, Nail Art, \u00e9pilation, LPG, Microblading\",\"publisher\":{\"@id\":\"https:\/\/institutdydyna.fr\/#organization\"},\"potentialAction\":[{\"@type\":\"SearchAction\",\"target\":{\"@type\":\"EntryPoint\",\"urlTemplate\":\"https:\/\/institutdydyna.fr\/?s={search_term_string}\"},\"query-input\":{\"@type\":\"PropertyValueSpecification\",\"valueRequired\":true,\"valueName\":\"search_term_string\"}}],\"inLanguage\":\"fr-FR\"},{\"@type\":\"Organization\",\"@id\":\"https:\/\/institutdydyna.fr\/#organization\",\"name\":\"Institut Dydyna\",\"url\":\"https:\/\/institutdydyna.fr\/\",\"logo\":{\"@type\":\"ImageObject\",\"inLanguage\":\"fr-FR\",\"@id\":\"https:\/\/institutdydyna.fr\/#\/schema\/logo\/image\/\",\"url\":\"https:\/\/institutdydyna.fr\/wp-content\/uploads\/2017\/02\/cropped-logo-dydyna-final.png\",\"contentUrl\":\"https:\/\/institutdydyna.fr\/wp-content\/uploads\/2017\/02\/cropped-logo-dydyna-final.png\",\"width\":512,\"height\":512,\"caption\":\"Institut Dydyna\"},\"image\":{\"@id\":\"https:\/\/institutdydyna.fr\/#\/schema\/logo\/image\/\"},\"sameAs\":[\"https:\/\/www.facebook.com\/institutdydyna\",\"https:\/\/www.instagram.com\/institutdydyna\"]}]}<\/script>\n<!-- \/ Yoast SEO plugin. -->","yoast_head_json":{"title":"Maquillage - Institut Dydyna","description":"Que ce soit pour un mariage ou une f\u00eate, venez \u00e0 l'Institut Dydyna r\u00e9aliser votre maquillage personnalis\u00e9 avec fixateur.","robots":{"index":"index","follow":"follow","max-snippet":"max-snippet:-1","max-image-preview":"max-image-preview:large","max-video-preview":"max-video-preview:-1"},"canonical":"https:\/\/institutdydyna.fr\/index.php\/maquillage\/","og_locale":"fr_FR","og_type":"article","og_title":"Maquillage - Institut Dydyna","og_description":"Que ce soit pour un mariage ou une f\u00eate, venez \u00e0 l'Institut Dydyna r\u00e9aliser votre maquillage personnalis\u00e9 avec fixateur.","og_url":"https:\/\/institutdydyna.fr\/index.php\/maquillage\/","og_site_name":"Institut Dydyna","article_publisher":"https:\/\/www.facebook.com\/institutdydyna","article_modified_time":"2021-05-19T07:57:36+00:00","twitter_card":"summary_large_image","schema":{"@context":"https:\/\/schema.org","@graph":[{"@type":"WebPage","@id":"https:\/\/institutdydyna.fr\/index.php\/maquillage\/","url":"https:\/\/institutdydyna.fr\/index.php\/maquillage\/","name":"Maquillage - Institut Dydyna","isPartOf":{"@id":"https:\/\/institutdydyna.fr\/#website"},"datePublished":"2016-11-05T00:10:05+00:00","dateModified":"2021-05-19T07:57:36+00:00","description":"Que ce soit pour un mariage ou une f\u00eate, venez \u00e0 l'Institut Dydyna r\u00e9aliser votre maquillage personnalis\u00e9 avec fixateur.","breadcrumb":{"@id":"https:\/\/institutdydyna.fr\/index.php\/maquillage\/#breadcrumb"},"inLanguage":"fr-FR","potentialAction":[{"@type":"ReadAction","target":["https:\/\/institutdydyna.fr\/index.php\/maquillage\/"]}]},{"@type":"BreadcrumbList","@id":"https:\/\/institutdydyna.fr\/index.php\/maquillage\/#breadcrumb","itemListElement":[{"@type":"ListItem","position":1,"name":"Accueil","item":"https:\/\/institutdydyna.fr\/"},{"@type":"ListItem","position":2,"name":"Maquillage"}]},{"@type":"WebSite","@id":"https:\/\/institutdydyna.fr\/#website","url":"https:\/\/institutdydyna.fr\/","name":"Institut Dydyna","description":"Manucure, Onglerie, Nail Art, \u00e9pilation, LPG, Microblading","publisher":{"@id":"https:\/\/institutdydyna.fr\/#organization"},"potentialAction":[{"@type":"SearchAction","target":{"@type":"EntryPoint","urlTemplate":"https:\/\/institutdydyna.fr\/?s={search_term_string}"},"query-input":{"@type":"PropertyValueSpecification","valueRequired":true,"valueName":"search_term_string"}}],"inLanguage":"fr-FR"},{"@type":"Organization","@id":"https:\/\/institutdydyna.fr\/#organization","name":"Institut Dydyna","url":"https:\/\/institutdydyna.fr\/","logo":{"@type":"ImageObject","inLanguage":"fr-FR","@id":"https:\/\/institutdydyna.fr\/#\/schema\/logo\/image\/","url":"https:\/\/institutdydyna.fr\/wp-content\/uploads\/2017\/02\/cropped-logo-dydyna-final.png","contentUrl":"https:\/\/institutdydyna.fr\/wp-content\/uploads\/2017\/02\/cropped-logo-dydyna-final.png","width":512,"height":512,"caption":"Institut Dydyna"},"image":{"@id":"https:\/\/institutdydyna.fr\/#\/schema\/logo\/image\/"},"sameAs":["https:\/\/www.facebook.com\/institutdydyna","https:\/\/www.instagram.com\/institutdydyna"]}]}},"jetpack_sharing_enabled":false,"jetpack_shortlink":"https:\/\/wp.me\/P84TWh-G","_links":{"self":[{"href":"https:\/\/institutdydyna.fr\/index.php\/wp-json\/wp\/v2\/pages\/42"}],"collection":[{"href":"https:\/\/institutdydyna.fr\/index.php\/wp-json\/wp\/v2\/pages"}],"about":[{"href":"https:\/\/institutdydyna.fr\/index.php\/wp-json\/wp\/v2\/types\/page"}],"author":[{"embeddable":true,"href":"https:\/\/institutdydyna.fr\/index.php\/wp-json\/wp\/v2\/users\/1"}],"replies":[{"embeddable":true,"href":"https:\/\/institutdydyna.fr\/index.php\/wp-json\/wp\/v2\/comments?post=42"}],"version-history":[{"count":6,"href":"https:\/\/institutdydyna.fr\/index.php\/wp-json\/wp\/v2\/pages\/42\/revisions"}],"predecessor-version":[{"id":457,"href":"https:\/\/institutdydyna.fr\/index.php\/wp-json\/wp\/v2\/pages\/42\/revisions\/457"}],"wp:attachment":[{"href":"https:\/\/institutdydyna.fr\/index.php\/wp-json\/wp\/v2\/media?parent=42"}],"curies":[{"name":"wp","href":"https:\/\/api.w.org\/{rel}","templated":true}]}}