{"id":46,"date":"2016-11-05T01:14:49","date_gmt":"2016-11-05T00:14:49","guid":{"rendered":"http:\/\/institutdydyna.fr\/?page_id=46"},"modified":"2022-05-18T22:29:49","modified_gmt":"2022-05-18T20:29:49","slug":"epilation","status":"publish","type":"page","link":"https:\/\/institutdydyna.fr\/index.php\/epilation\/","title":{"rendered":"Epilation"},"content":{"rendered":"<div id=\"pl-46\"  class=\"panel-layout\" ><div id=\"pg-46-0\"  class=\"panel-grid panel-no-style\" ><div id=\"pgc-46-0-0\"  class=\"panel-grid-cell\" ><div id=\"panel-46-0-0-0\" class=\"widget_text so-panel widget widget_custom_html panel-first-child panel-last-child\" data-index=\"0\" ><div class=\"textwidget custom-html-widget\"><p>\n\tNos diff\u00e9rentes prestations d'\u00e9pilation :\n<\/p>\n<table>\n\t<tr><td><h2>VISAGE<\/h2><\/td><\/tr>\n<tr><td>Sourcils<\/td><td>9\u20ac<\/td><\/tr>\n<tr><td>L\u00e8vre ou menton<\/td><td>7\u20ac<\/td><\/tr>\n<tr><td>L\u00e8vre et menton<\/td><td>11\u20ac<\/td><\/tr>\n<tr><td>Visage complet <br><em>soucils + l\u00e8vres + menton + joues<\/em><\/td><td>24\u20ac<\/td><\/tr>\n<tr><td>Sourcils + L\u00e8vres<\/td><td>13\u20ac<\/td><\/tr>\n<tr><td><h2>CORPS<\/h2><\/td><\/tr>\n<tr><td>Aisselles<\/td><td>12\u20ac<\/td><\/tr>\n<tr><td>Maillot<\/td><td>14\u20ac<\/td><\/tr>\n<tr><td>Maillot \u00e9chancr\u00e9<\/td><td>17\u20ac<\/td><\/tr>\n<tr><td>Maillot int\u00e9gral<\/td><td>24\u20ac<\/td><\/tr>\n<tr><td>Bras<\/td><td>16\u20ac<\/td><\/tr>\n<tr><td>1\/2 jambes<\/td><td>19\u20ac<\/td><\/tr>\n<tr><td>Jambes compl\u00e8tes<\/td><td>26\u20ac<\/td><\/tr>\n<tr><td>Dos ou torse<\/td><td>21\u20ac<\/td><\/tr>\n<tr><td><h2>FORFAITS<\/h2><\/td><\/tr>\n<tr><td>1\/2 jambes + Maillot + Aisselles<\/td><td>38\u20ac<\/td><\/tr>\n<tr><td>Jambes compl\u00e8tes + Maillot + Aisselles<\/td><td>44\u20ac<\/td><\/tr>\n\t<tr><td>si Maillot int\u00e9gral<\/td><td>+5\u20ac<\/td><\/tr>\n\n\n\n<\/table><\/div><\/div><\/div><div id=\"pgc-46-0-1\"  class=\"panel-grid-cell\" ><div id=\"panel-46-0-1-0\" class=\"so-panel widget widget_sow-image panel-first-child panel-last-child\" data-index=\"1\" ><div\n\t\t\t\n\t\t\tclass=\"so-widget-sow-image so-widget-sow-image-default-8b5b6f678277-46\"\n\t\t\t\n\t\t>\n<div class=\"sow-image-container\">\n\t\t<img \n\tsrc=\"https:\/\/institutdydyna.fr\/wp-content\/uploads\/2016\/11\/Epilation296x179.jpg\" width=\"296\" height=\"179\" sizes=\"(max-width: 296px) 100vw, 296px\" title=\"\u00e9pilation\" alt=\"\u00e9pilation\" \t\tclass=\"so-widget-image\"\/>\n\t<\/div>\n\n<\/div><\/div><\/div><\/div><\/div>","protected":false},"excerpt":{"rendered":"<p>Nos diff\u00e9rentes prestations d&rsquo;\u00e9pilation : VISAGE Sourcils9\u20ac L\u00e8vre ou menton7\u20ac L\u00e8vre et menton11\u20ac Visage complet soucils + l\u00e8vres + menton + joues24\u20ac Sourcils + L\u00e8vres13\u20ac CORPS Aisselles12\u20ac Maillot14\u20ac Maillot \u00e9chancr\u00e917\u20ac Maillot int\u00e9gral24\u20ac Bras16\u20ac 1\/2 jambes19\u20ac Jambes compl\u00e8tes26\u20ac Dos ou torse21\u20ac FORFAITS 1\/2 jambes + Maillot + Aisselles38\u20ac Jambes compl\u00e8tes + Maillot + Aisselles44\u20ac si Maillot <a href=\"https:\/\/institutdydyna.fr\/index.php\/epilation\/\" rel=\"nofollow\"><span class=\"sr-only\">En savoir plus surEpilation<\/span>[&#8230;]<\/a><\/p>\n","protected":false},"author":1,"featured_media":0,"parent":0,"menu_order":2,"comment_status":"closed","ping_status":"closed","template":"template-fullwidth.php","meta":{"jetpack_post_was_ever_published":false,"footnotes":""},"yoast_head":"<!-- This site is optimized with the Yoast SEO plugin v23.4 - https:\/\/yoast.com\/wordpress\/plugins\/seo\/ -->\n<title>Epilation - Institut Dydyna<\/title>\n<meta name=\"description\" content=\"Aisselle, maillot, jambes. D\u00e9couvrez nos diff\u00e9rents prestations d&#039;\u00e9pilation \u00e0 partir de 9\u20ac\" \/>\n<meta name=\"robots\" content=\"index, follow, max-snippet:-1, max-image-preview:large, max-video-preview:-1\" \/>\n<link rel=\"canonical\" href=\"https:\/\/institutdydyna.fr\/index.php\/epilation\/\" \/>\n<meta property=\"og:locale\" content=\"fr_FR\" \/>\n<meta property=\"og:type\" content=\"article\" \/>\n<meta property=\"og:title\" content=\"Epilation - Institut Dydyna\" \/>\n<meta property=\"og:description\" content=\"Aisselle, maillot, jambes. D\u00e9couvrez nos diff\u00e9rents prestations d&#039;\u00e9pilation \u00e0 partir de 9\u20ac\" \/>\n<meta property=\"og:url\" content=\"https:\/\/institutdydyna.fr\/index.php\/epilation\/\" \/>\n<meta property=\"og:site_name\" content=\"Institut Dydyna\" \/>\n<meta property=\"article:publisher\" content=\"https:\/\/www.facebook.com\/institutdydyna\" \/>\n<meta property=\"article:modified_time\" content=\"2022-05-18T20:29:49+00:00\" \/>\n<meta name=\"twitter:card\" content=\"summary_large_image\" \/>\n<script type=\"application\/ld+json\" class=\"yoast-schema-graph\">{\"@context\":\"https:\/\/schema.org\",\"@graph\":[{\"@type\":\"WebPage\",\"@id\":\"https:\/\/institutdydyna.fr\/index.php\/epilation\/\",\"url\":\"https:\/\/institutdydyna.fr\/index.php\/epilation\/\",\"name\":\"Epilation - Institut Dydyna\",\"isPartOf\":{\"@id\":\"https:\/\/institutdydyna.fr\/#website\"},\"datePublished\":\"2016-11-05T00:14:49+00:00\",\"dateModified\":\"2022-05-18T20:29:49+00:00\",\"description\":\"Aisselle, maillot, jambes. D\u00e9couvrez nos diff\u00e9rents prestations d'\u00e9pilation \u00e0 partir de 9\u20ac\",\"breadcrumb\":{\"@id\":\"https:\/\/institutdydyna.fr\/index.php\/epilation\/#breadcrumb\"},\"inLanguage\":\"fr-FR\",\"potentialAction\":[{\"@type\":\"ReadAction\",\"target\":[\"https:\/\/institutdydyna.fr\/index.php\/epilation\/\"]}]},{\"@type\":\"BreadcrumbList\",\"@id\":\"https:\/\/institutdydyna.fr\/index.php\/epilation\/#breadcrumb\",\"itemListElement\":[{\"@type\":\"ListItem\",\"position\":1,\"name\":\"Accueil\",\"item\":\"https:\/\/institutdydyna.fr\/\"},{\"@type\":\"ListItem\",\"position\":2,\"name\":\"Epilation\"}]},{\"@type\":\"WebSite\",\"@id\":\"https:\/\/institutdydyna.fr\/#website\",\"url\":\"https:\/\/institutdydyna.fr\/\",\"name\":\"Institut Dydyna\",\"description\":\"Manucure, Onglerie, Nail Art, \u00e9pilation, LPG, Microblading\",\"publisher\":{\"@id\":\"https:\/\/institutdydyna.fr\/#organization\"},\"potentialAction\":[{\"@type\":\"SearchAction\",\"target\":{\"@type\":\"EntryPoint\",\"urlTemplate\":\"https:\/\/institutdydyna.fr\/?s={search_term_string}\"},\"query-input\":{\"@type\":\"PropertyValueSpecification\",\"valueRequired\":true,\"valueName\":\"search_term_string\"}}],\"inLanguage\":\"fr-FR\"},{\"@type\":\"Organization\",\"@id\":\"https:\/\/institutdydyna.fr\/#organization\",\"name\":\"Institut Dydyna\",\"url\":\"https:\/\/institutdydyna.fr\/\",\"logo\":{\"@type\":\"ImageObject\",\"inLanguage\":\"fr-FR\",\"@id\":\"https:\/\/institutdydyna.fr\/#\/schema\/logo\/image\/\",\"url\":\"https:\/\/institutdydyna.fr\/wp-content\/uploads\/2017\/02\/cropped-logo-dydyna-final.png\",\"contentUrl\":\"https:\/\/institutdydyna.fr\/wp-content\/uploads\/2017\/02\/cropped-logo-dydyna-final.png\",\"width\":512,\"height\":512,\"caption\":\"Institut Dydyna\"},\"image\":{\"@id\":\"https:\/\/institutdydyna.fr\/#\/schema\/logo\/image\/\"},\"sameAs\":[\"https:\/\/www.facebook.com\/institutdydyna\",\"https:\/\/www.instagram.com\/institutdydyna\"]}]}<\/script>\n<!-- \/ Yoast SEO plugin. -->","yoast_head_json":{"title":"Epilation - Institut Dydyna","description":"Aisselle, maillot, jambes. D\u00e9couvrez nos diff\u00e9rents prestations d'\u00e9pilation \u00e0 partir de 9\u20ac","robots":{"index":"index","follow":"follow","max-snippet":"max-snippet:-1","max-image-preview":"max-image-preview:large","max-video-preview":"max-video-preview:-1"},"canonical":"https:\/\/institutdydyna.fr\/index.php\/epilation\/","og_locale":"fr_FR","og_type":"article","og_title":"Epilation - Institut Dydyna","og_description":"Aisselle, maillot, jambes. D\u00e9couvrez nos diff\u00e9rents prestations d'\u00e9pilation \u00e0 partir de 9\u20ac","og_url":"https:\/\/institutdydyna.fr\/index.php\/epilation\/","og_site_name":"Institut Dydyna","article_publisher":"https:\/\/www.facebook.com\/institutdydyna","article_modified_time":"2022-05-18T20:29:49+00:00","twitter_card":"summary_large_image","schema":{"@context":"https:\/\/schema.org","@graph":[{"@type":"WebPage","@id":"https:\/\/institutdydyna.fr\/index.php\/epilation\/","url":"https:\/\/institutdydyna.fr\/index.php\/epilation\/","name":"Epilation - Institut Dydyna","isPartOf":{"@id":"https:\/\/institutdydyna.fr\/#website"},"datePublished":"2016-11-05T00:14:49+00:00","dateModified":"2022-05-18T20:29:49+00:00","description":"Aisselle, maillot, jambes. D\u00e9couvrez nos diff\u00e9rents prestations d'\u00e9pilation \u00e0 partir de 9\u20ac","breadcrumb":{"@id":"https:\/\/institutdydyna.fr\/index.php\/epilation\/#breadcrumb"},"inLanguage":"fr-FR","potentialAction":[{"@type":"ReadAction","target":["https:\/\/institutdydyna.fr\/index.php\/epilation\/"]}]},{"@type":"BreadcrumbList","@id":"https:\/\/institutdydyna.fr\/index.php\/epilation\/#breadcrumb","itemListElement":[{"@type":"ListItem","position":1,"name":"Accueil","item":"https:\/\/institutdydyna.fr\/"},{"@type":"ListItem","position":2,"name":"Epilation"}]},{"@type":"WebSite","@id":"https:\/\/institutdydyna.fr\/#website","url":"https:\/\/institutdydyna.fr\/","name":"Institut Dydyna","description":"Manucure, Onglerie, Nail Art, \u00e9pilation, LPG, Microblading","publisher":{"@id":"https:\/\/institutdydyna.fr\/#organization"},"potentialAction":[{"@type":"SearchAction","target":{"@type":"EntryPoint","urlTemplate":"https:\/\/institutdydyna.fr\/?s={search_term_string}"},"query-input":{"@type":"PropertyValueSpecification","valueRequired":true,"valueName":"search_term_string"}}],"inLanguage":"fr-FR"},{"@type":"Organization","@id":"https:\/\/institutdydyna.fr\/#organization","name":"Institut Dydyna","url":"https:\/\/institutdydyna.fr\/","logo":{"@type":"ImageObject","inLanguage":"fr-FR","@id":"https:\/\/institutdydyna.fr\/#\/schema\/logo\/image\/","url":"https:\/\/institutdydyna.fr\/wp-content\/uploads\/2017\/02\/cropped-logo-dydyna-final.png","contentUrl":"https:\/\/institutdydyna.fr\/wp-content\/uploads\/2017\/02\/cropped-logo-dydyna-final.png","width":512,"height":512,"caption":"Institut Dydyna"},"image":{"@id":"https:\/\/institutdydyna.fr\/#\/schema\/logo\/image\/"},"sameAs":["https:\/\/www.facebook.com\/institutdydyna","https:\/\/www.instagram.com\/institutdydyna"]}]}},"jetpack_sharing_enabled":false,"jetpack_shortlink":"https:\/\/wp.me\/P84TWh-K","_links":{"self":[{"href":"https:\/\/institutdydyna.fr\/index.php\/wp-json\/wp\/v2\/pages\/46"}],"collection":[{"href":"https:\/\/institutdydyna.fr\/index.php\/wp-json\/wp\/v2\/pages"}],"about":[{"href":"https:\/\/institutdydyna.fr\/index.php\/wp-json\/wp\/v2\/types\/page"}],"author":[{"embeddable":true,"href":"https:\/\/institutdydyna.fr\/index.php\/wp-json\/wp\/v2\/users\/1"}],"replies":[{"embeddable":true,"href":"https:\/\/institutdydyna.fr\/index.php\/wp-json\/wp\/v2\/comments?post=46"}],"version-history":[{"count":9,"href":"https:\/\/institutdydyna.fr\/index.php\/wp-json\/wp\/v2\/pages\/46\/revisions"}],"predecessor-version":[{"id":644,"href":"https:\/\/institutdydyna.fr\/index.php\/wp-json\/wp\/v2\/pages\/46\/revisions\/644"}],"wp:attachment":[{"href":"https:\/\/institutdydyna.fr\/index.php\/wp-json\/wp\/v2\/media?parent=46"}],"curies":[{"name":"wp","href":"https:\/\/api.w.org\/{rel}","templated":true}]}}