{"id":534,"date":"2021-06-25T16:42:03","date_gmt":"2021-06-25T14:42:03","guid":{"rendered":"https:\/\/institutdydyna.fr\/?page_id=534"},"modified":"2021-07-22T12:07:17","modified_gmt":"2021-07-22T10:07:17","slug":"les-soins-lpg-endermologie","status":"publish","type":"page","link":"https:\/\/institutdydyna.fr\/index.php\/les-soins-lpg-endermologie\/","title":{"rendered":"LPG endermologie : Nouveaux soins"},"content":{"rendered":"\n<h1 class=\"wp-block-heading\">Les soins LPG \u00e0 l&rsquo;Institut Dydyna<\/h1>\n\n\n\n<div style=\"height:5px\" aria-hidden=\"true\" class=\"wp-block-spacer\"><\/div>\n\n\n\n<p>L&rsquo;Institut Dydyna s&rsquo;est dot\u00e9 des toutes derni\u00e8res technologies brevet\u00e9es LPG endermologies afin de vous proposer des toutes derni\u00e8res avanc\u00e9es en mati\u00e8re des soins minceur. <em><a href=\"https:\/\/institutdydyna.fr\/index.php\/soins-du-corps\/\">tarif \u00e0 d\u00e9couvrir ici<\/a><\/em><\/p>\n\n\n\n<p>Les soins LPG permettent de relancer l&rsquo;activit\u00e9 cellulaire endormie de votre peau et lutter contre les rides, peau rel\u00e2ch\u00e9e, peau d&rsquo;orange et bien plus encore.<\/p>\n\n\n\n<div style=\"height:10px\" aria-hidden=\"true\" class=\"wp-block-spacer\"><\/div>\n\n\n\n<figure class=\"wp-block-gallery columns-1 is-cropped wp-block-gallery-1 is-layout-flex wp-block-gallery-is-layout-flex\"><ul class=\"blocks-gallery-grid\"><li class=\"blocks-gallery-item\"><figure><img loading=\"lazy\" decoding=\"async\" width=\"814\" height=\"462\" src=\"https:\/\/institutdydyna.fr\/wp-content\/uploads\/2021\/07\/benefices-LPG.jpeg\" alt=\"b\u00e9n\u00e9fices soins LPG\" data-id=\"539\" data-full-url=\"https:\/\/institutdydyna.fr\/wp-content\/uploads\/2021\/07\/benefices-LPG.jpeg\" data-link=\"https:\/\/institutdydyna.fr\/?attachment_id=539\" class=\"wp-image-539\" srcset=\"https:\/\/institutdydyna.fr\/wp-content\/uploads\/2021\/07\/benefices-LPG.jpeg 814w, https:\/\/institutdydyna.fr\/wp-content\/uploads\/2021\/07\/benefices-LPG-300x170.jpeg 300w, https:\/\/institutdydyna.fr\/wp-content\/uploads\/2021\/07\/benefices-LPG-768x436.jpeg 768w\" sizes=\"(max-width: 814px) 100vw, 814px\" \/><\/figure><\/li><\/ul><\/figure>\n\n\n\n<div style=\"height:10px\" aria-hidden=\"true\" class=\"wp-block-spacer\"><\/div>\n\n\n\n<h2 class=\"has-medium-font-size wp-block-heading\">Des actions efficaces pour des r\u00e9sultats probants <\/h2>\n\n\n\n<p>\u00c0 l\u2019oppos\u00e9 de nombreuses techniques disponibles sur le march\u00e9, LPG<sup>\u00ae<\/sup>&nbsp;endermologie propose une alternative 100% naturelle :&nbsp;<strong>relancer l\u2019activit\u00e9 cellulaire endormie au c\u0153ur de notre peau<\/strong>&nbsp;pour lutter contre toutes manifestations inesth\u00e9tiques (rides, peau rel\u00e2ch\u00e9e, rondeurs rebelles, peau d\u2019orange\u2026).<\/p>\n\n\n\n<blockquote class=\"wp-block-quote\"><p>La stimulation m\u00e9canique des cellules, appel\u00e9e endermologie<sup>\u00ae<\/sup>, permet de relancer leur processus de r\u00e9veil,&nbsp;<strong>naturellement<\/strong>&nbsp;et&nbsp;<strong>sans douleur<\/strong> <\/p><\/blockquote>\n\n\n\n<p>source : <a href=\"http:\/\/www.endermologie.com\">endermologie.com<\/a><\/p>\n\n\n\n<div style=\"height:10px\" aria-hidden=\"true\" class=\"wp-block-spacer\"><\/div>\n\n\n\n<h3 class=\"wp-block-heading\" style=\"font-size:21px\"><strong>Quels sont les b\u00e9n\u00e9fices de ces soins pour le visage ?  <\/strong><\/h3>\n\n\n\n<p>Avec les soins visages <strong>LPG<\/strong> vous pourrez :<\/p>\n\n\n\n<ul><li>combler les rides<\/li><li>raffermir la peau<\/li><li>clarifier le teint<\/li><li>d\u00e9stocker le double menton<\/li><li>traiter les cernes et les poches<\/li><\/ul>\n\n\n\n<h3 class=\"wp-block-heading\" style=\"font-size:21px\"><strong>Quels sont les b\u00e9n\u00e9fices de ces soins pour le corps ?<\/strong><\/h3>\n\n\n\n<p>Avec l&rsquo;effet de<strong> l<\/strong>&lsquo;<strong>endermologie LPG<\/strong>, vous pourrez :<\/p>\n\n\n\n<ul><li>lisser la cellulite<\/li><li>raffermir votre peau<\/li><li>d\u00e9stocker les graisses<\/li><li>retrouver des jambes l\u00e9g\u00e8res<\/li><\/ul>\n\n\n\n<div style=\"height:10px\" aria-hidden=\"true\" class=\"wp-block-spacer\"><\/div>\n\n\n\n<figure class=\"wp-block-gallery columns-1 is-cropped wp-block-gallery-2 is-layout-flex wp-block-gallery-is-layout-flex\"><ul class=\"blocks-gallery-grid\"><li class=\"blocks-gallery-item\"><figure><img loading=\"lazy\" decoding=\"async\" width=\"919\" height=\"463\" src=\"https:\/\/institutdydyna.fr\/wp-content\/uploads\/2021\/07\/efficacite-a-la-3-seance.jpeg\" alt=\"efficacit\u00e9 des la troisi\u00e8me s\u00e9ance LPG\" data-id=\"541\" data-full-url=\"https:\/\/institutdydyna.fr\/wp-content\/uploads\/2021\/07\/efficacite-a-la-3-seance.jpeg\" data-link=\"https:\/\/institutdydyna.fr\/?attachment_id=541\" class=\"wp-image-541\" srcset=\"https:\/\/institutdydyna.fr\/wp-content\/uploads\/2021\/07\/efficacite-a-la-3-seance.jpeg 919w, https:\/\/institutdydyna.fr\/wp-content\/uploads\/2021\/07\/efficacite-a-la-3-seance-300x151.jpeg 300w, https:\/\/institutdydyna.fr\/wp-content\/uploads\/2021\/07\/efficacite-a-la-3-seance-768x387.jpeg 768w\" sizes=\"(max-width: 919px) 100vw, 919px\" \/><\/figure><\/li><\/ul><figcaption class=\"blocks-gallery-caption\">Des r\u00e9sultats visibles d\u00e8s la 3\u00e8me s\u00e9ance<\/figcaption><\/figure>\n","protected":false},"excerpt":{"rendered":"<p>Les soins LPG \u00e0 l&rsquo;Institut Dydyna L&rsquo;Institut Dydyna s&rsquo;est dot\u00e9 des toutes derni\u00e8res technologies brevet\u00e9es LPG endermologies afin de vous proposer des toutes derni\u00e8res avanc\u00e9es en mati\u00e8re des soins minceur. tarif \u00e0 d\u00e9couvrir ici Les soins LPG permettent de relancer l&rsquo;activit\u00e9 cellulaire endormie de votre peau et lutter contre les rides, peau rel\u00e2ch\u00e9e, peau d&rsquo;orange <a href=\"https:\/\/institutdydyna.fr\/index.php\/les-soins-lpg-endermologie\/\" rel=\"nofollow\"><span class=\"sr-only\">En savoir plus surLPG endermologie : Nouveaux soins<\/span>[&#8230;]<\/a><\/p>\n","protected":false},"author":1,"featured_media":0,"parent":0,"menu_order":0,"comment_status":"closed","ping_status":"closed","template":"template-fullwidth.php","meta":{"jetpack_post_was_ever_published":false,"footnotes":""},"yoast_head":"<!-- This site is optimized with the Yoast SEO plugin v23.4 - https:\/\/yoast.com\/wordpress\/plugins\/seo\/ -->\n<title>LPG endermologie : Nouveaux soins - Institut Dydyna<\/title>\n<meta name=\"description\" content=\"Nouveaux Soins LPG endermologie chez Institut Dydyna \u00e0 Dombasle. En un seul soin, stimulez les cellules minceur et raffermissez votre peau.\" \/>\n<meta name=\"robots\" content=\"index, follow, max-snippet:-1, max-image-preview:large, max-video-preview:-1\" \/>\n<link rel=\"canonical\" href=\"https:\/\/institutdydyna.fr\/index.php\/les-soins-lpg-endermologie\/\" \/>\n<meta property=\"og:locale\" content=\"fr_FR\" \/>\n<meta property=\"og:type\" content=\"article\" \/>\n<meta property=\"og:title\" content=\"LPG endermologie : Nouveaux soins - Institut Dydyna\" \/>\n<meta property=\"og:description\" content=\"Nouveaux Soins LPG endermologie chez Institut Dydyna \u00e0 Dombasle. En un seul soin, stimulez les cellules minceur et raffermissez votre peau.\" \/>\n<meta property=\"og:url\" content=\"https:\/\/institutdydyna.fr\/index.php\/les-soins-lpg-endermologie\/\" \/>\n<meta property=\"og:site_name\" content=\"Institut Dydyna\" \/>\n<meta property=\"article:publisher\" content=\"https:\/\/www.facebook.com\/institutdydyna\" \/>\n<meta property=\"article:modified_time\" content=\"2021-07-22T10:07:17+00:00\" \/>\n<meta property=\"og:image\" content=\"https:\/\/institutdydyna.fr\/wp-content\/uploads\/2021\/07\/benefices-LPG.jpeg\" \/>\n<meta name=\"twitter:card\" content=\"summary_large_image\" \/>\n<meta name=\"twitter:label1\" content=\"Dur\u00e9e de lecture estim\u00e9e\" \/>\n\t<meta name=\"twitter:data1\" content=\"2 minutes\" \/>\n<script type=\"application\/ld+json\" class=\"yoast-schema-graph\">{\"@context\":\"https:\/\/schema.org\",\"@graph\":[{\"@type\":\"WebPage\",\"@id\":\"https:\/\/institutdydyna.fr\/index.php\/les-soins-lpg-endermologie\/\",\"url\":\"https:\/\/institutdydyna.fr\/index.php\/les-soins-lpg-endermologie\/\",\"name\":\"LPG endermologie : Nouveaux soins - Institut Dydyna\",\"isPartOf\":{\"@id\":\"https:\/\/institutdydyna.fr\/#website\"},\"primaryImageOfPage\":{\"@id\":\"https:\/\/institutdydyna.fr\/index.php\/les-soins-lpg-endermologie\/#primaryimage\"},\"image\":{\"@id\":\"https:\/\/institutdydyna.fr\/index.php\/les-soins-lpg-endermologie\/#primaryimage\"},\"thumbnailUrl\":\"https:\/\/institutdydyna.fr\/wp-content\/uploads\/2021\/07\/benefices-LPG.jpeg\",\"datePublished\":\"2021-06-25T14:42:03+00:00\",\"dateModified\":\"2021-07-22T10:07:17+00:00\",\"description\":\"Nouveaux Soins LPG endermologie chez Institut Dydyna \u00e0 Dombasle. En un seul soin, stimulez les cellules minceur et raffermissez votre peau.\",\"breadcrumb\":{\"@id\":\"https:\/\/institutdydyna.fr\/index.php\/les-soins-lpg-endermologie\/#breadcrumb\"},\"inLanguage\":\"fr-FR\",\"potentialAction\":[{\"@type\":\"ReadAction\",\"target\":[\"https:\/\/institutdydyna.fr\/index.php\/les-soins-lpg-endermologie\/\"]}]},{\"@type\":\"ImageObject\",\"inLanguage\":\"fr-FR\",\"@id\":\"https:\/\/institutdydyna.fr\/index.php\/les-soins-lpg-endermologie\/#primaryimage\",\"url\":\"https:\/\/institutdydyna.fr\/wp-content\/uploads\/2021\/07\/benefices-LPG.jpeg\",\"contentUrl\":\"https:\/\/institutdydyna.fr\/wp-content\/uploads\/2021\/07\/benefices-LPG.jpeg\",\"width\":814,\"height\":462,\"caption\":\"destockage graisse LPG\"},{\"@type\":\"BreadcrumbList\",\"@id\":\"https:\/\/institutdydyna.fr\/index.php\/les-soins-lpg-endermologie\/#breadcrumb\",\"itemListElement\":[{\"@type\":\"ListItem\",\"position\":1,\"name\":\"Accueil\",\"item\":\"https:\/\/institutdydyna.fr\/\"},{\"@type\":\"ListItem\",\"position\":2,\"name\":\"LPG endermologie : Nouveaux soins\"}]},{\"@type\":\"WebSite\",\"@id\":\"https:\/\/institutdydyna.fr\/#website\",\"url\":\"https:\/\/institutdydyna.fr\/\",\"name\":\"Institut Dydyna\",\"description\":\"Manucure, Onglerie, Nail Art, \u00e9pilation, LPG, Microblading\",\"publisher\":{\"@id\":\"https:\/\/institutdydyna.fr\/#organization\"},\"potentialAction\":[{\"@type\":\"SearchAction\",\"target\":{\"@type\":\"EntryPoint\",\"urlTemplate\":\"https:\/\/institutdydyna.fr\/?s={search_term_string}\"},\"query-input\":{\"@type\":\"PropertyValueSpecification\",\"valueRequired\":true,\"valueName\":\"search_term_string\"}}],\"inLanguage\":\"fr-FR\"},{\"@type\":\"Organization\",\"@id\":\"https:\/\/institutdydyna.fr\/#organization\",\"name\":\"Institut Dydyna\",\"url\":\"https:\/\/institutdydyna.fr\/\",\"logo\":{\"@type\":\"ImageObject\",\"inLanguage\":\"fr-FR\",\"@id\":\"https:\/\/institutdydyna.fr\/#\/schema\/logo\/image\/\",\"url\":\"https:\/\/institutdydyna.fr\/wp-content\/uploads\/2017\/02\/cropped-logo-dydyna-final.png\",\"contentUrl\":\"https:\/\/institutdydyna.fr\/wp-content\/uploads\/2017\/02\/cropped-logo-dydyna-final.png\",\"width\":512,\"height\":512,\"caption\":\"Institut Dydyna\"},\"image\":{\"@id\":\"https:\/\/institutdydyna.fr\/#\/schema\/logo\/image\/\"},\"sameAs\":[\"https:\/\/www.facebook.com\/institutdydyna\",\"https:\/\/www.instagram.com\/institutdydyna\"]}]}<\/script>\n<!-- \/ Yoast SEO plugin. -->","yoast_head_json":{"title":"LPG endermologie : Nouveaux soins - Institut Dydyna","description":"Nouveaux Soins LPG endermologie chez Institut Dydyna \u00e0 Dombasle. En un seul soin, stimulez les cellules minceur et raffermissez votre peau.","robots":{"index":"index","follow":"follow","max-snippet":"max-snippet:-1","max-image-preview":"max-image-preview:large","max-video-preview":"max-video-preview:-1"},"canonical":"https:\/\/institutdydyna.fr\/index.php\/les-soins-lpg-endermologie\/","og_locale":"fr_FR","og_type":"article","og_title":"LPG endermologie : Nouveaux soins - Institut Dydyna","og_description":"Nouveaux Soins LPG endermologie chez Institut Dydyna \u00e0 Dombasle. En un seul soin, stimulez les cellules minceur et raffermissez votre peau.","og_url":"https:\/\/institutdydyna.fr\/index.php\/les-soins-lpg-endermologie\/","og_site_name":"Institut Dydyna","article_publisher":"https:\/\/www.facebook.com\/institutdydyna","article_modified_time":"2021-07-22T10:07:17+00:00","og_image":[{"url":"https:\/\/institutdydyna.fr\/wp-content\/uploads\/2021\/07\/benefices-LPG.jpeg"}],"twitter_card":"summary_large_image","twitter_misc":{"Dur\u00e9e de lecture estim\u00e9e":"2 minutes"},"schema":{"@context":"https:\/\/schema.org","@graph":[{"@type":"WebPage","@id":"https:\/\/institutdydyna.fr\/index.php\/les-soins-lpg-endermologie\/","url":"https:\/\/institutdydyna.fr\/index.php\/les-soins-lpg-endermologie\/","name":"LPG endermologie : Nouveaux soins - Institut Dydyna","isPartOf":{"@id":"https:\/\/institutdydyna.fr\/#website"},"primaryImageOfPage":{"@id":"https:\/\/institutdydyna.fr\/index.php\/les-soins-lpg-endermologie\/#primaryimage"},"image":{"@id":"https:\/\/institutdydyna.fr\/index.php\/les-soins-lpg-endermologie\/#primaryimage"},"thumbnailUrl":"https:\/\/institutdydyna.fr\/wp-content\/uploads\/2021\/07\/benefices-LPG.jpeg","datePublished":"2021-06-25T14:42:03+00:00","dateModified":"2021-07-22T10:07:17+00:00","description":"Nouveaux Soins LPG endermologie chez Institut Dydyna \u00e0 Dombasle. En un seul soin, stimulez les cellules minceur et raffermissez votre peau.","breadcrumb":{"@id":"https:\/\/institutdydyna.fr\/index.php\/les-soins-lpg-endermologie\/#breadcrumb"},"inLanguage":"fr-FR","potentialAction":[{"@type":"ReadAction","target":["https:\/\/institutdydyna.fr\/index.php\/les-soins-lpg-endermologie\/"]}]},{"@type":"ImageObject","inLanguage":"fr-FR","@id":"https:\/\/institutdydyna.fr\/index.php\/les-soins-lpg-endermologie\/#primaryimage","url":"https:\/\/institutdydyna.fr\/wp-content\/uploads\/2021\/07\/benefices-LPG.jpeg","contentUrl":"https:\/\/institutdydyna.fr\/wp-content\/uploads\/2021\/07\/benefices-LPG.jpeg","width":814,"height":462,"caption":"destockage graisse LPG"},{"@type":"BreadcrumbList","@id":"https:\/\/institutdydyna.fr\/index.php\/les-soins-lpg-endermologie\/#breadcrumb","itemListElement":[{"@type":"ListItem","position":1,"name":"Accueil","item":"https:\/\/institutdydyna.fr\/"},{"@type":"ListItem","position":2,"name":"LPG endermologie : Nouveaux soins"}]},{"@type":"WebSite","@id":"https:\/\/institutdydyna.fr\/#website","url":"https:\/\/institutdydyna.fr\/","name":"Institut Dydyna","description":"Manucure, Onglerie, Nail Art, \u00e9pilation, LPG, Microblading","publisher":{"@id":"https:\/\/institutdydyna.fr\/#organization"},"potentialAction":[{"@type":"SearchAction","target":{"@type":"EntryPoint","urlTemplate":"https:\/\/institutdydyna.fr\/?s={search_term_string}"},"query-input":{"@type":"PropertyValueSpecification","valueRequired":true,"valueName":"search_term_string"}}],"inLanguage":"fr-FR"},{"@type":"Organization","@id":"https:\/\/institutdydyna.fr\/#organization","name":"Institut Dydyna","url":"https:\/\/institutdydyna.fr\/","logo":{"@type":"ImageObject","inLanguage":"fr-FR","@id":"https:\/\/institutdydyna.fr\/#\/schema\/logo\/image\/","url":"https:\/\/institutdydyna.fr\/wp-content\/uploads\/2017\/02\/cropped-logo-dydyna-final.png","contentUrl":"https:\/\/institutdydyna.fr\/wp-content\/uploads\/2017\/02\/cropped-logo-dydyna-final.png","width":512,"height":512,"caption":"Institut Dydyna"},"image":{"@id":"https:\/\/institutdydyna.fr\/#\/schema\/logo\/image\/"},"sameAs":["https:\/\/www.facebook.com\/institutdydyna","https:\/\/www.instagram.com\/institutdydyna"]}]}},"jetpack_sharing_enabled":true,"jetpack_shortlink":"https:\/\/wp.me\/P84TWh-8C","_links":{"self":[{"href":"https:\/\/institutdydyna.fr\/index.php\/wp-json\/wp\/v2\/pages\/534"}],"collection":[{"href":"https:\/\/institutdydyna.fr\/index.php\/wp-json\/wp\/v2\/pages"}],"about":[{"href":"https:\/\/institutdydyna.fr\/index.php\/wp-json\/wp\/v2\/types\/page"}],"author":[{"embeddable":true,"href":"https:\/\/institutdydyna.fr\/index.php\/wp-json\/wp\/v2\/users\/1"}],"replies":[{"embeddable":true,"href":"https:\/\/institutdydyna.fr\/index.php\/wp-json\/wp\/v2\/comments?post=534"}],"version-history":[{"count":13,"href":"https:\/\/institutdydyna.fr\/index.php\/wp-json\/wp\/v2\/pages\/534\/revisions"}],"predecessor-version":[{"id":561,"href":"https:\/\/institutdydyna.fr\/index.php\/wp-json\/wp\/v2\/pages\/534\/revisions\/561"}],"wp:attachment":[{"href":"https:\/\/institutdydyna.fr\/index.php\/wp-json\/wp\/v2\/media?parent=534"}],"curies":[{"name":"wp","href":"https:\/\/api.w.org\/{rel}","templated":true}]}}