{"id":8,"date":"2016-11-05T00:23:47","date_gmt":"2016-11-04T23:23:47","guid":{"rendered":"http:\/\/institutdydyna.fr\/?page_id=8"},"modified":"2021-11-26T11:48:21","modified_gmt":"2021-11-26T10:48:21","slug":"cils","status":"publish","type":"page","link":"https:\/\/institutdydyna.fr\/index.php\/cils\/","title":{"rendered":"Cils"},"content":{"rendered":"<div id=\"pl-8\"  class=\"panel-layout\" ><div id=\"pg-8-0\"  class=\"panel-grid panel-no-style\" ><div id=\"pgc-8-0-0\"  class=\"panel-grid-cell\" ><div id=\"panel-8-0-0-0\" class=\"widget_text so-panel widget widget_custom_html panel-first-child panel-last-child\" data-index=\"0\" ><div class=\"textwidget custom-html-widget\"><table>\n<tbody>\n<tr>\n<td><strong>Teinture des cils<\/strong> (30 mn)<\/td>\n<td>16\u20ac<\/td>\n<\/tr>\n<tr>\n<td><strong>Rehaussement des cils<\/strong><\/td>\n<td>35\u20ac<\/td>\n<\/tr>\n<tr>\n<td><strong>Teinture des sourcils<\/strong> (30 mn)<\/td>\n<td>14\u20ac<\/td>\n<\/tr>\n<!--\n<tr>\n<td><strong>Extension des cils<\/strong> 100% des cils. (2h)<p class=\"p1\"><span class=\"s1\"> En cil \u00e0 cil ou bouquet de 3 cils sur 1 cil selon le volume souhait\u00e9. Pour un regard sublim\u00e9 et remplacer le mascara: les cils sont plus longs, plus denses tout en gardant un aspect naturel.<\/span><\/p><\/td>\n<td>89\u20ac<\/td>\n<\/tr>\t\n\t\n<tr>\n<td><strong>Remplissage extension <\/strong><p class=\"p1\"><span class=\"s1\">tous les 15 jours (environ 1 heure)<br\/><br\/>Pour combler les manques et avoir un r\u00e9sultat toujours parfait. Attention, apr\u00e8s 3 semaines suivant la pose initiale nous repartons sur une pose compl\u00e8te<\/span><\/p>\t<\/td>\n<td>49\u20ac<\/td>\n<\/tr>\t\n-->\n\n<\/tbody>\n<\/table><\/div><\/div><\/div><div id=\"pgc-8-0-1\"  class=\"panel-grid-cell\" ><div id=\"panel-8-0-1-0\" class=\"so-panel widget widget_sow-image panel-first-child panel-last-child\" data-index=\"1\" ><div\n\t\t\t\n\t\t\tclass=\"so-widget-sow-image so-widget-sow-image-default-8b5b6f678277-8\"\n\t\t\t\n\t\t>\n<div class=\"sow-image-container\">\n\t\t<img \n\tsrc=\"https:\/\/institutdydyna.fr\/wp-content\/uploads\/2016\/11\/Cils296x179.png\" width=\"296\" height=\"179\" sizes=\"(max-width: 296px) 100vw, 296px\" title=\"oeil\" alt=\"oeil\" \t\tclass=\"so-widget-image\"\/>\n\t<\/div>\n\n<\/div><\/div><\/div><\/div><\/div>","protected":false},"excerpt":{"rendered":"<p>Teinture des cils (30 mn) 16\u20ac Rehaussement des cils 35\u20ac Teinture des sourcils (30 mn) 14\u20ac<\/p>\n","protected":false},"author":1,"featured_media":0,"parent":0,"menu_order":5,"comment_status":"closed","ping_status":"closed","template":"template-fullwidth.php","meta":{"jetpack_post_was_ever_published":false,"footnotes":""},"yoast_head":"<!-- This site is optimized with the Yoast SEO plugin v23.4 - https:\/\/yoast.com\/wordpress\/plugins\/seo\/ -->\n<title>Cils - Institut Dydyna<\/title>\n<meta name=\"description\" content=\"Les cils sont au coeur du regard. L&#039;Institut Dydyna vous offre un large choix de prestattion : extension de cils, teinture sourcils...\" \/>\n<meta name=\"robots\" content=\"index, follow, max-snippet:-1, max-image-preview:large, max-video-preview:-1\" \/>\n<link rel=\"canonical\" href=\"https:\/\/institutdydyna.fr\/index.php\/cils\/\" \/>\n<meta property=\"og:locale\" content=\"fr_FR\" \/>\n<meta property=\"og:type\" content=\"article\" \/>\n<meta property=\"og:title\" content=\"Cils - Institut Dydyna\" \/>\n<meta property=\"og:description\" content=\"Les cils sont au coeur du regard. L&#039;Institut Dydyna vous offre un large choix de prestattion : extension de cils, teinture sourcils...\" \/>\n<meta property=\"og:url\" content=\"https:\/\/institutdydyna.fr\/index.php\/cils\/\" \/>\n<meta property=\"og:site_name\" content=\"Institut Dydyna\" \/>\n<meta property=\"article:publisher\" content=\"https:\/\/www.facebook.com\/institutdydyna\" \/>\n<meta property=\"article:modified_time\" content=\"2021-11-26T10:48:21+00:00\" \/>\n<meta name=\"twitter:card\" content=\"summary_large_image\" \/>\n<meta name=\"twitter:label1\" content=\"Dur\u00e9e de lecture estim\u00e9e\" \/>\n\t<meta name=\"twitter:data1\" content=\"1 minute\" \/>\n<script type=\"application\/ld+json\" class=\"yoast-schema-graph\">{\"@context\":\"https:\/\/schema.org\",\"@graph\":[{\"@type\":\"WebPage\",\"@id\":\"https:\/\/institutdydyna.fr\/index.php\/cils\/\",\"url\":\"https:\/\/institutdydyna.fr\/index.php\/cils\/\",\"name\":\"Cils - Institut Dydyna\",\"isPartOf\":{\"@id\":\"https:\/\/institutdydyna.fr\/#website\"},\"datePublished\":\"2016-11-04T23:23:47+00:00\",\"dateModified\":\"2021-11-26T10:48:21+00:00\",\"description\":\"Les cils sont au coeur du regard. L'Institut Dydyna vous offre un large choix de prestattion : extension de cils, teinture sourcils...\",\"breadcrumb\":{\"@id\":\"https:\/\/institutdydyna.fr\/index.php\/cils\/#breadcrumb\"},\"inLanguage\":\"fr-FR\",\"potentialAction\":[{\"@type\":\"ReadAction\",\"target\":[\"https:\/\/institutdydyna.fr\/index.php\/cils\/\"]}]},{\"@type\":\"BreadcrumbList\",\"@id\":\"https:\/\/institutdydyna.fr\/index.php\/cils\/#breadcrumb\",\"itemListElement\":[{\"@type\":\"ListItem\",\"position\":1,\"name\":\"Accueil\",\"item\":\"https:\/\/institutdydyna.fr\/\"},{\"@type\":\"ListItem\",\"position\":2,\"name\":\"Cils\"}]},{\"@type\":\"WebSite\",\"@id\":\"https:\/\/institutdydyna.fr\/#website\",\"url\":\"https:\/\/institutdydyna.fr\/\",\"name\":\"Institut Dydyna\",\"description\":\"Manucure, Onglerie, Nail Art, \u00e9pilation, LPG, Microblading\",\"publisher\":{\"@id\":\"https:\/\/institutdydyna.fr\/#organization\"},\"potentialAction\":[{\"@type\":\"SearchAction\",\"target\":{\"@type\":\"EntryPoint\",\"urlTemplate\":\"https:\/\/institutdydyna.fr\/?s={search_term_string}\"},\"query-input\":{\"@type\":\"PropertyValueSpecification\",\"valueRequired\":true,\"valueName\":\"search_term_string\"}}],\"inLanguage\":\"fr-FR\"},{\"@type\":\"Organization\",\"@id\":\"https:\/\/institutdydyna.fr\/#organization\",\"name\":\"Institut Dydyna\",\"url\":\"https:\/\/institutdydyna.fr\/\",\"logo\":{\"@type\":\"ImageObject\",\"inLanguage\":\"fr-FR\",\"@id\":\"https:\/\/institutdydyna.fr\/#\/schema\/logo\/image\/\",\"url\":\"https:\/\/institutdydyna.fr\/wp-content\/uploads\/2017\/02\/cropped-logo-dydyna-final.png\",\"contentUrl\":\"https:\/\/institutdydyna.fr\/wp-content\/uploads\/2017\/02\/cropped-logo-dydyna-final.png\",\"width\":512,\"height\":512,\"caption\":\"Institut Dydyna\"},\"image\":{\"@id\":\"https:\/\/institutdydyna.fr\/#\/schema\/logo\/image\/\"},\"sameAs\":[\"https:\/\/www.facebook.com\/institutdydyna\",\"https:\/\/www.instagram.com\/institutdydyna\"]}]}<\/script>\n<!-- \/ Yoast SEO plugin. -->","yoast_head_json":{"title":"Cils - Institut Dydyna","description":"Les cils sont au coeur du regard. L'Institut Dydyna vous offre un large choix de prestattion : extension de cils, teinture sourcils...","robots":{"index":"index","follow":"follow","max-snippet":"max-snippet:-1","max-image-preview":"max-image-preview:large","max-video-preview":"max-video-preview:-1"},"canonical":"https:\/\/institutdydyna.fr\/index.php\/cils\/","og_locale":"fr_FR","og_type":"article","og_title":"Cils - Institut Dydyna","og_description":"Les cils sont au coeur du regard. L'Institut Dydyna vous offre un large choix de prestattion : extension de cils, teinture sourcils...","og_url":"https:\/\/institutdydyna.fr\/index.php\/cils\/","og_site_name":"Institut Dydyna","article_publisher":"https:\/\/www.facebook.com\/institutdydyna","article_modified_time":"2021-11-26T10:48:21+00:00","twitter_card":"summary_large_image","twitter_misc":{"Dur\u00e9e de lecture estim\u00e9e":"1 minute"},"schema":{"@context":"https:\/\/schema.org","@graph":[{"@type":"WebPage","@id":"https:\/\/institutdydyna.fr\/index.php\/cils\/","url":"https:\/\/institutdydyna.fr\/index.php\/cils\/","name":"Cils - Institut Dydyna","isPartOf":{"@id":"https:\/\/institutdydyna.fr\/#website"},"datePublished":"2016-11-04T23:23:47+00:00","dateModified":"2021-11-26T10:48:21+00:00","description":"Les cils sont au coeur du regard. L'Institut Dydyna vous offre un large choix de prestattion : extension de cils, teinture sourcils...","breadcrumb":{"@id":"https:\/\/institutdydyna.fr\/index.php\/cils\/#breadcrumb"},"inLanguage":"fr-FR","potentialAction":[{"@type":"ReadAction","target":["https:\/\/institutdydyna.fr\/index.php\/cils\/"]}]},{"@type":"BreadcrumbList","@id":"https:\/\/institutdydyna.fr\/index.php\/cils\/#breadcrumb","itemListElement":[{"@type":"ListItem","position":1,"name":"Accueil","item":"https:\/\/institutdydyna.fr\/"},{"@type":"ListItem","position":2,"name":"Cils"}]},{"@type":"WebSite","@id":"https:\/\/institutdydyna.fr\/#website","url":"https:\/\/institutdydyna.fr\/","name":"Institut Dydyna","description":"Manucure, Onglerie, Nail Art, \u00e9pilation, LPG, Microblading","publisher":{"@id":"https:\/\/institutdydyna.fr\/#organization"},"potentialAction":[{"@type":"SearchAction","target":{"@type":"EntryPoint","urlTemplate":"https:\/\/institutdydyna.fr\/?s={search_term_string}"},"query-input":{"@type":"PropertyValueSpecification","valueRequired":true,"valueName":"search_term_string"}}],"inLanguage":"fr-FR"},{"@type":"Organization","@id":"https:\/\/institutdydyna.fr\/#organization","name":"Institut Dydyna","url":"https:\/\/institutdydyna.fr\/","logo":{"@type":"ImageObject","inLanguage":"fr-FR","@id":"https:\/\/institutdydyna.fr\/#\/schema\/logo\/image\/","url":"https:\/\/institutdydyna.fr\/wp-content\/uploads\/2017\/02\/cropped-logo-dydyna-final.png","contentUrl":"https:\/\/institutdydyna.fr\/wp-content\/uploads\/2017\/02\/cropped-logo-dydyna-final.png","width":512,"height":512,"caption":"Institut Dydyna"},"image":{"@id":"https:\/\/institutdydyna.fr\/#\/schema\/logo\/image\/"},"sameAs":["https:\/\/www.facebook.com\/institutdydyna","https:\/\/www.instagram.com\/institutdydyna"]}]}},"jetpack_sharing_enabled":false,"jetpack_shortlink":"https:\/\/wp.me\/P84TWh-8","_links":{"self":[{"href":"https:\/\/institutdydyna.fr\/index.php\/wp-json\/wp\/v2\/pages\/8"}],"collection":[{"href":"https:\/\/institutdydyna.fr\/index.php\/wp-json\/wp\/v2\/pages"}],"about":[{"href":"https:\/\/institutdydyna.fr\/index.php\/wp-json\/wp\/v2\/types\/page"}],"author":[{"embeddable":true,"href":"https:\/\/institutdydyna.fr\/index.php\/wp-json\/wp\/v2\/users\/1"}],"replies":[{"embeddable":true,"href":"https:\/\/institutdydyna.fr\/index.php\/wp-json\/wp\/v2\/comments?post=8"}],"version-history":[{"count":19,"href":"https:\/\/institutdydyna.fr\/index.php\/wp-json\/wp\/v2\/pages\/8\/revisions"}],"predecessor-version":[{"id":625,"href":"https:\/\/institutdydyna.fr\/index.php\/wp-json\/wp\/v2\/pages\/8\/revisions\/625"}],"wp:attachment":[{"href":"https:\/\/institutdydyna.fr\/index.php\/wp-json\/wp\/v2\/media?parent=8"}],"curies":[{"name":"wp","href":"https:\/\/api.w.org\/{rel}","templated":true}]}}